{"id":23564,"date":"2025-12-11T16:35:54","date_gmt":"2025-12-11T15:35:54","guid":{"rendered":"https:\/\/www.scheer-group.com\/de\/?page_id=23564"},"modified":"2025-12-11T16:36:18","modified_gmt":"2025-12-11T15:36:18","slug":"datenschutz-uebersicht","status":"publish","type":"page","link":"https:\/\/www.scheer-group.com\/de\/datenschutz-uebersicht\/","title":{"rendered":"Datenschutz \u00dcbersicht"},"content":{"rendered":"<div id=\"pl-23564\"  class=\"panel-layout\" ><div id=\"pg-23564-0\"  class=\"panel-grid panel-no-style\"  style=\"--mobile-padding:;\" ><div id=\"pgc-23564-0-0\"  class=\"panel-grid-cell\" ><div id=\"panel-23564-0-0-0\" class=\"so-panel widget widget_zrm-editor panel-first-child\" data-index=\"0\" ><div\n\t\t\t\n\t\t\tclass=\"so-widget-zrm-editor so-widget-zrm-editor-default-d75171398898-23564\"\n\t\t\t\n\t\t><div class=\"widget widget--editor widget--show lg\">\n\t<\/div><\/div><\/div><div id=\"panel-23564-0-0-1\" class=\"so-panel widget widget_zrm-image panel-last-child\" data-index=\"1\" ><div\n\t\t\t\n\t\t\tclass=\"so-widget-zrm-image so-widget-zrm-image-default-d75171398898-23564\"\n\t\t\t\n\t\t>\n<div class=\"widget widget--image  widget--left widget--show lg\">\n\t<div class=\"image__file fullsize shadow\"><img decoding=\"async\" width=\"2048\" height=\"384\" src=\"https:\/\/www.scheer-group.com\/de\/wp-content\/uploads\/sites\/8\/2025\/03\/Scheer_Image-800x450px_header_4-2048x384-2.jpg\" class=\"attachment-full size-full\" alt=\"\" srcset=\"https:\/\/www.scheer-group.com\/de\/wp-content\/uploads\/sites\/8\/2025\/03\/Scheer_Image-800x450px_header_4-2048x384-2.jpg 2048w, https:\/\/www.scheer-group.com\/de\/wp-content\/uploads\/sites\/8\/2025\/03\/Scheer_Image-800x450px_header_4-2048x384-2-300x56.jpg 300w, https:\/\/www.scheer-group.com\/de\/wp-content\/uploads\/sites\/8\/2025\/03\/Scheer_Image-800x450px_header_4-2048x384-2-1024x192.jpg 1024w, https:\/\/www.scheer-group.com\/de\/wp-content\/uploads\/sites\/8\/2025\/03\/Scheer_Image-800x450px_header_4-2048x384-2-768x144.jpg 768w, https:\/\/www.scheer-group.com\/de\/wp-content\/uploads\/sites\/8\/2025\/03\/Scheer_Image-800x450px_header_4-2048x384-2-1536x288.jpg 1536w\" sizes=\"(max-width: 2048px) 100vw, 2048px\" \/><\/div>\n\t<\/div><\/div><\/div><\/div><\/div><div id=\"pg-23564-1\"  class=\"panel-grid panel-no-style\"  style=\"--mobile-padding:;\" ><div id=\"pgc-23564-1-0\"  class=\"panel-grid-cell panel-grid-cell-empty\" ><\/div><div id=\"pgc-23564-1-1\"  class=\"panel-grid-cell panel-grid-cell-mobile-last\" ><div id=\"panel-23564-1-1-0\" class=\"so-panel widget widget_zrm-headline panel-first-child\" data-index=\"2\" ><div\n\t\t\t\n\t\t\tclass=\"so-widget-zrm-headline so-widget-zrm-headline-default-d75171398898-23564\"\n\t\t\t\n\t\t><div class=\"widget widget--headline widget--center widget--show lg  \">\n\t<div class=\"preline\"><\/div>\n\t<h1 class=\"headline h1\">Datenschutzhinweise<\/h1>\t<div class=\"subline\"><\/div>\n<\/div>\n<\/div><\/div><div id=\"panel-23564-1-1-1\" class=\"so-panel widget widget_zrm-editor panel-last-child\" data-index=\"3\" ><div\n\t\t\t\n\t\t\tclass=\"so-widget-zrm-editor so-widget-zrm-editor-default-d75171398898-23564\"\n\t\t\t\n\t\t><div class=\"widget widget--editor widget--show lg\">\n\t<div class=\"scheer-inhalt animiert\">\n<div class=\"uk-container\">\n<div id=\"c3376\" class=\"uk-container frame-space-before- frame-space-after- scheer-textelement\">\n<p>Bitte beachten Sie, dass es aufgrund der Weiterentwicklung unserer Inhalte und Angebote oder aufgrund gesetzlicher oder beh\u00f6rdlicher Vorgaben dazu kommen kann, dass wir unsere Hinweise ganz oder teilweise \u00e4ndern oder aktualisieren. Den jeweiligen Stand k\u00f6nnen Sie den einzelnen Hinweisen entnehmen.<\/p>\n<\/div>\n<\/div>\n<\/div>\n<\/div><\/div><\/div><\/div><div id=\"pgc-23564-1-2\"  class=\"panel-grid-cell panel-grid-cell-empty\" ><\/div><\/div><div id=\"pg-23564-2\"  class=\"panel-grid panel-no-style\"  style=\"--mobile-padding:;\" ><div id=\"pgc-23564-2-0\"  class=\"panel-grid-cell panel-grid-cell-empty\" ><\/div><div id=\"pgc-23564-2-1\"  class=\"panel-grid-cell panel-grid-cell-mobile-last\" ><div id=\"panel-23564-2-1-0\" class=\"so-panel widget widget_zrm-up-bigcards panel-first-child panel-last-child\" data-index=\"4\" ><div\n\t\t\t\n\t\t\tclass=\"so-widget-zrm-up-bigcards so-widget-zrm-up-bigcards-default-d75171398898-23564\"\n\t\t\t\n\t\t>\n    <div class=\"widget widget--update widget--bigcards_update widget--show\" style=\"--margins-desktop:0px 0px 80px 0px;--margins-mobile:0px 0px 40px 0px;--paddings-desktop:0px 0px 0px 0px;--paddings-mobile:0px 0px 0px 0px;\">\n        <div class=\"bigcards\" style=\"--bigcards_background: #f2f2f2\">\n                            <div class=\"bigcard\" style=\"--card-bg: #ffffff; --card-span: 6; --card-maxwidth: 100%; --card-textcolor: #000000; --card-textalignment:left\">\n                    <div class=\"bigcard__content\" style=\"--card-padding-desktop: 48px 48px 48px 48px; --card-padding-mobile: 24px 24px 24px 24px;\">\n                        <div class=\"bigcard__headline h2_update\">Website Besucher<\/div>\n                        <div class=\"bigcard__copy\"><p>Datenschutzhinweise f\u00fcr Beuscher unserer Website<\/p>\n<\/div>\n                                                                            <a href=\"https:\/\/www.scheer-group.com\/de\/datenschutzhinweis\/\" title=\"Mehr erfahren\" target=\"_self\" class=\"button button--update button--red button--normal button--solid\">\n                                Mehr erfahren                            <\/a>\n                                            <\/div>\n                    <div class=\"bigcard__media\">\n                                                    <a href=\"https:\/\/www.scheer-group.com\/de\/datenschutzhinweis\/\" title=\"Mehr erfahren\" target=\"_self\">\n                                <img decoding=\"async\" width=\"1920\" height=\"570\" src=\"https:\/\/www.scheer-group.com\/de\/wp-content\/uploads\/sites\/8\/2025\/08\/2025-08-WebisteHeader-GREYstage.jpg\" class=\"bigcard__image\" alt=\"\" loading=\"lazy\" srcset=\"https:\/\/www.scheer-group.com\/de\/wp-content\/uploads\/sites\/8\/2025\/08\/2025-08-WebisteHeader-GREYstage.jpg 1920w, https:\/\/www.scheer-group.com\/de\/wp-content\/uploads\/sites\/8\/2025\/08\/2025-08-WebisteHeader-GREYstage-300x89.jpg 300w, https:\/\/www.scheer-group.com\/de\/wp-content\/uploads\/sites\/8\/2025\/08\/2025-08-WebisteHeader-GREYstage-1024x304.jpg 1024w, https:\/\/www.scheer-group.com\/de\/wp-content\/uploads\/sites\/8\/2025\/08\/2025-08-WebisteHeader-GREYstage-768x228.jpg 768w, https:\/\/www.scheer-group.com\/de\/wp-content\/uploads\/sites\/8\/2025\/08\/2025-08-WebisteHeader-GREYstage-1536x456.jpg 1536w\" sizes=\"(max-width: 1920px) 100vw, 1920px\" \/>                            <\/a>\n                                            <\/div>\n                <\/div>\n                            <div class=\"bigcard\" style=\"--card-bg: #ffffff; --card-span: 6; --card-maxwidth: 100%; --card-textcolor: #000000; --card-textalignment:left\">\n                    <div class=\"bigcard__content\" style=\"--card-padding-desktop: 48px 48px 48px 48px; --card-padding-mobile: 24px 24px 24px 24px;\">\n                        <div class=\"bigcard__headline h2_update\">Hinweisgebersystem<\/div>\n                        <div class=\"bigcard__copy\"><p>Datenschutzhinweise f\u00fcr das Hinweisgebersystem<\/p>\n<\/div>\n                                                                            <a href=\"https:\/\/www.scheer-group.com\/de\/hinweisgebersystem\/\" title=\"Mehr erfahren\" target=\"_self\" class=\"button button--update button--red button--normal button--solid\">\n                                Mehr erfahren                            <\/a>\n                                            <\/div>\n                    <div class=\"bigcard__media\">\n                                                    <a href=\"https:\/\/www.scheer-group.com\/de\/hinweisgebersystem\/\" title=\"Mehr erfahren\" target=\"_self\">\n                                <img decoding=\"async\" width=\"1920\" height=\"570\" src=\"https:\/\/www.scheer-group.com\/de\/wp-content\/uploads\/sites\/8\/2025\/08\/2025-08-WebisteHeader-GREYstage.jpg\" class=\"bigcard__image\" alt=\"\" loading=\"lazy\" srcset=\"https:\/\/www.scheer-group.com\/de\/wp-content\/uploads\/sites\/8\/2025\/08\/2025-08-WebisteHeader-GREYstage.jpg 1920w, https:\/\/www.scheer-group.com\/de\/wp-content\/uploads\/sites\/8\/2025\/08\/2025-08-WebisteHeader-GREYstage-300x89.jpg 300w, https:\/\/www.scheer-group.com\/de\/wp-content\/uploads\/sites\/8\/2025\/08\/2025-08-WebisteHeader-GREYstage-1024x304.jpg 1024w, https:\/\/www.scheer-group.com\/de\/wp-content\/uploads\/sites\/8\/2025\/08\/2025-08-WebisteHeader-GREYstage-768x228.jpg 768w, https:\/\/www.scheer-group.com\/de\/wp-content\/uploads\/sites\/8\/2025\/08\/2025-08-WebisteHeader-GREYstage-1536x456.jpg 1536w\" sizes=\"(max-width: 1920px) 100vw, 1920px\" \/>                            <\/a>\n                                            <\/div>\n                <\/div>\n                            <div class=\"bigcard\" style=\"--card-bg: #ffffff; --card-span: 6; --card-maxwidth: 100%; --card-textcolor: #000000; --card-textalignment:left\">\n                    <div class=\"bigcard__content\" style=\"--card-padding-desktop: 48px 48px 48px 48px; --card-padding-mobile: 24px 24px 24px 24px;\">\n                        <div class=\"bigcard__headline h2_update\">Kunden und weitere Betroffene<\/div>\n                        <div class=\"bigcard__copy\"><p>Datenschutzhinweise f\u00fcr Kunden und weitere Betroffene<\/p>\n<\/div>\n                                                                            <a href=\"https:\/\/www.scheer-group.com\/de\/datenschutzhinweise-fuer-kunden-und-weitere-betroffene\/\" title=\"Mehr erfahren\" target=\"_self\" class=\"button button--update button--red button--normal button--solid\">\n                                Mehr erfahren                            <\/a>\n                                            <\/div>\n                    <div class=\"bigcard__media\">\n                                                    <a href=\"https:\/\/www.scheer-group.com\/de\/datenschutzhinweise-fuer-kunden-und-weitere-betroffene\/\" title=\"Mehr erfahren\" target=\"_self\">\n                                <img decoding=\"async\" width=\"1920\" height=\"570\" src=\"https:\/\/www.scheer-group.com\/de\/wp-content\/uploads\/sites\/8\/2025\/08\/2025-08-WebisteHeader-GREYstage.jpg\" class=\"bigcard__image\" alt=\"\" loading=\"lazy\" srcset=\"https:\/\/www.scheer-group.com\/de\/wp-content\/uploads\/sites\/8\/2025\/08\/2025-08-WebisteHeader-GREYstage.jpg 1920w, https:\/\/www.scheer-group.com\/de\/wp-content\/uploads\/sites\/8\/2025\/08\/2025-08-WebisteHeader-GREYstage-300x89.jpg 300w, https:\/\/www.scheer-group.com\/de\/wp-content\/uploads\/sites\/8\/2025\/08\/2025-08-WebisteHeader-GREYstage-1024x304.jpg 1024w, https:\/\/www.scheer-group.com\/de\/wp-content\/uploads\/sites\/8\/2025\/08\/2025-08-WebisteHeader-GREYstage-768x228.jpg 768w, https:\/\/www.scheer-group.com\/de\/wp-content\/uploads\/sites\/8\/2025\/08\/2025-08-WebisteHeader-GREYstage-1536x456.jpg 1536w\" sizes=\"(max-width: 1920px) 100vw, 1920px\" \/>                            <\/a>\n                                            <\/div>\n                <\/div>\n                            <div class=\"bigcard\" style=\"--card-bg: #ffffff; --card-span: 6; --card-maxwidth: 100%; --card-textcolor: #000000; --card-textalignment:left\">\n                    <div class=\"bigcard__content\" style=\"--card-padding-desktop: 48px 48px 48px 48px; --card-padding-mobile: 24px 24px 24px 24px;\">\n                        <div class=\"bigcard__headline h2_update\">Teilnehmer an Online-Meetings \u00fcber Microsoft Dienste<\/div>\n                        <div class=\"bigcard__copy\"><p>Datenschutzhinweise f\u00fcr Teilnahme an Online-Meetings \u00fcber Dienste von Microsoft<\/p>\n<\/div>\n                                                                            <a href=\"https:\/\/www.scheer-group.com\/de\/datenschutzhinweise-teilnahme-microsoft-meetings\/\" title=\"Mehr erfahren\" target=\"_self\" class=\"button button--update button--red button--normal button--solid\">\n                                Mehr erfahren                            <\/a>\n                                            <\/div>\n                    <div class=\"bigcard__media\">\n                                                    <a href=\"https:\/\/www.scheer-group.com\/de\/datenschutzhinweise-teilnahme-microsoft-meetings\/\" title=\"Mehr erfahren\" target=\"_self\">\n                                <img decoding=\"async\" width=\"1920\" height=\"570\" src=\"https:\/\/www.scheer-group.com\/de\/wp-content\/uploads\/sites\/8\/2025\/08\/2025-08-WebisteHeader-GREYstage.jpg\" class=\"bigcard__image\" alt=\"\" loading=\"lazy\" srcset=\"https:\/\/www.scheer-group.com\/de\/wp-content\/uploads\/sites\/8\/2025\/08\/2025-08-WebisteHeader-GREYstage.jpg 1920w, https:\/\/www.scheer-group.com\/de\/wp-content\/uploads\/sites\/8\/2025\/08\/2025-08-WebisteHeader-GREYstage-300x89.jpg 300w, https:\/\/www.scheer-group.com\/de\/wp-content\/uploads\/sites\/8\/2025\/08\/2025-08-WebisteHeader-GREYstage-1024x304.jpg 1024w, https:\/\/www.scheer-group.com\/de\/wp-content\/uploads\/sites\/8\/2025\/08\/2025-08-WebisteHeader-GREYstage-768x228.jpg 768w, https:\/\/www.scheer-group.com\/de\/wp-content\/uploads\/sites\/8\/2025\/08\/2025-08-WebisteHeader-GREYstage-1536x456.jpg 1536w\" sizes=\"(max-width: 1920px) 100vw, 1920px\" \/>                            <\/a>\n                                            <\/div>\n                <\/div>\n                    <\/div>\n    <\/div>\n\n<\/div><\/div><\/div><div id=\"pgc-23564-2-2\"  class=\"panel-grid-cell panel-grid-cell-empty\" ><\/div><\/div><\/div>","protected":false},"excerpt":{"rendered":"<p>Datenschutzhinweise Bitte beachten Sie, dass es aufgrund der Weiterentwicklung unserer Inhalte und Angebote oder aufgrund gesetzlicher oder beh\u00f6rdlicher Vorgaben dazu kommen kann, dass wir unsere Hinweise ganz oder teilweise \u00e4ndern oder aktualisieren. Den jeweiligen Stand k\u00f6nnen Sie den einzelnen Hinweisen entnehmen. Website Besucher Datenschutzhinweise f\u00fcr Beuscher unserer Website Mehr erfahren Hinweisgebersystem Datenschutzhinweise f\u00fcr das Hinweisgebersystem [&hellip;]<\/p>\n","protected":false},"author":84,"featured_media":0,"parent":0,"menu_order":0,"comment_status":"closed","ping_status":"closed","template":"","meta":{"_acf_changed":false,"content-type":"","footnotes":""},"class_list":["post-23564","page","type-page","status-publish","hentry"],"acf":[],"yoast_head":"<!-- This site is optimized with the Yoast SEO plugin v23.1 - https:\/\/yoast.com\/wordpress\/plugins\/seo\/ -->\n<title>Datenschutz \u00dcbersicht - Scheer Gruppe<\/title>\n<meta name=\"robots\" content=\"index, follow, max-snippet:-1, max-image-preview:large, max-video-preview:-1\" \/>\n<link rel=\"canonical\" href=\"https:\/\/www.scheer-group.com\/de\/datenschutz-uebersicht\/\" \/>\n<meta property=\"og:locale\" content=\"de_DE\" \/>\n<meta property=\"og:type\" content=\"article\" \/>\n<meta property=\"og:title\" content=\"Datenschutz \u00dcbersicht - Scheer Gruppe\" \/>\n<meta property=\"og:description\" content=\"Datenschutzhinweise Bitte beachten Sie, dass es aufgrund der Weiterentwicklung unserer Inhalte und Angebote oder aufgrund gesetzlicher oder beh\u00f6rdlicher Vorgaben dazu kommen kann, dass wir unsere Hinweise ganz oder teilweise \u00e4ndern oder aktualisieren. Den jeweiligen Stand k\u00f6nnen Sie den einzelnen Hinweisen entnehmen. Website Besucher Datenschutzhinweise f\u00fcr Beuscher unserer Website Mehr erfahren Hinweisgebersystem Datenschutzhinweise f\u00fcr das Hinweisgebersystem [&hellip;]\" \/>\n<meta property=\"og:url\" content=\"https:\/\/www.scheer-group.com\/de\/datenschutz-uebersicht\/\" \/>\n<meta property=\"og:site_name\" content=\"Scheer Gruppe\" \/>\n<meta property=\"article:publisher\" content=\"https:\/\/www.facebook.com\/imcLearning\" \/>\n<meta property=\"article:modified_time\" content=\"2025-12-11T15:36:18+00:00\" \/>\n<meta name=\"twitter:card\" content=\"summary_large_image\" \/>\n<meta name=\"twitter:site\" content=\"@imc_learning\" \/>\n<meta name=\"twitter:label1\" content=\"Gesch\u00e4tzte Lesezeit\" \/>\n\t<meta name=\"twitter:data1\" content=\"2\u00a0Minuten\" \/>\n<script type=\"application\/ld+json\" class=\"yoast-schema-graph\">{\"@context\":\"https:\/\/schema.org\",\"@graph\":[{\"@type\":\"WebPage\",\"@id\":\"https:\/\/www.scheer-group.com\/de\/datenschutz-uebersicht\/\",\"url\":\"https:\/\/www.scheer-group.com\/de\/datenschutz-uebersicht\/\",\"name\":\"Datenschutz \u00dcbersicht - Scheer Gruppe\",\"isPartOf\":{\"@id\":\"https:\/\/www.scheer-group.com\/de\/#website\"},\"datePublished\":\"2025-12-11T15:35:54+00:00\",\"dateModified\":\"2025-12-11T15:36:18+00:00\",\"breadcrumb\":{\"@id\":\"https:\/\/www.scheer-group.com\/de\/datenschutz-uebersicht\/#breadcrumb\"},\"inLanguage\":\"de\",\"potentialAction\":[{\"@type\":\"ReadAction\",\"target\":[\"https:\/\/www.scheer-group.com\/de\/datenschutz-uebersicht\/\"]}]},{\"@type\":\"BreadcrumbList\",\"@id\":\"https:\/\/www.scheer-group.com\/de\/datenschutz-uebersicht\/#breadcrumb\",\"itemListElement\":[{\"@type\":\"ListItem\",\"position\":1,\"name\":\"Startseite\",\"item\":\"https:\/\/www.scheer-group.com\/de\/\"},{\"@type\":\"ListItem\",\"position\":2,\"name\":\"Datenschutz \u00dcbersicht\"}]},{\"@type\":\"WebSite\",\"@id\":\"https:\/\/www.scheer-group.com\/de\/#website\",\"url\":\"https:\/\/www.scheer-group.com\/de\/\",\"name\":\"Scheer Gruppe\",\"description\":\"\",\"potentialAction\":[{\"@type\":\"SearchAction\",\"target\":{\"@type\":\"EntryPoint\",\"urlTemplate\":\"https:\/\/www.scheer-group.com\/de\/?s={search_term_string}\"},\"query-input\":\"required name=search_term_string\"}],\"inLanguage\":\"de\"}]}<\/script>\n<!-- \/ Yoast SEO plugin. -->","yoast_head_json":{"title":"Datenschutz \u00dcbersicht - Scheer Gruppe","robots":{"index":"index","follow":"follow","max-snippet":"max-snippet:-1","max-image-preview":"max-image-preview:large","max-video-preview":"max-video-preview:-1"},"canonical":"https:\/\/www.scheer-group.com\/de\/datenschutz-uebersicht\/","og_locale":"de_DE","og_type":"article","og_title":"Datenschutz \u00dcbersicht - Scheer Gruppe","og_description":"Datenschutzhinweise Bitte beachten Sie, dass es aufgrund der Weiterentwicklung unserer Inhalte und Angebote oder aufgrund gesetzlicher oder beh\u00f6rdlicher Vorgaben dazu kommen kann, dass wir unsere Hinweise ganz oder teilweise \u00e4ndern oder aktualisieren. Den jeweiligen Stand k\u00f6nnen Sie den einzelnen Hinweisen entnehmen. Website Besucher Datenschutzhinweise f\u00fcr Beuscher unserer Website Mehr erfahren Hinweisgebersystem Datenschutzhinweise f\u00fcr das Hinweisgebersystem [&hellip;]","og_url":"https:\/\/www.scheer-group.com\/de\/datenschutz-uebersicht\/","og_site_name":"Scheer Gruppe","article_publisher":"https:\/\/www.facebook.com\/imcLearning","article_modified_time":"2025-12-11T15:36:18+00:00","twitter_card":"summary_large_image","twitter_site":"@imc_learning","twitter_misc":{"Gesch\u00e4tzte Lesezeit":"2\u00a0Minuten"},"schema":{"@context":"https:\/\/schema.org","@graph":[{"@type":"WebPage","@id":"https:\/\/www.scheer-group.com\/de\/datenschutz-uebersicht\/","url":"https:\/\/www.scheer-group.com\/de\/datenschutz-uebersicht\/","name":"Datenschutz \u00dcbersicht - Scheer Gruppe","isPartOf":{"@id":"https:\/\/www.scheer-group.com\/de\/#website"},"datePublished":"2025-12-11T15:35:54+00:00","dateModified":"2025-12-11T15:36:18+00:00","breadcrumb":{"@id":"https:\/\/www.scheer-group.com\/de\/datenschutz-uebersicht\/#breadcrumb"},"inLanguage":"de","potentialAction":[{"@type":"ReadAction","target":["https:\/\/www.scheer-group.com\/de\/datenschutz-uebersicht\/"]}]},{"@type":"BreadcrumbList","@id":"https:\/\/www.scheer-group.com\/de\/datenschutz-uebersicht\/#breadcrumb","itemListElement":[{"@type":"ListItem","position":1,"name":"Startseite","item":"https:\/\/www.scheer-group.com\/de\/"},{"@type":"ListItem","position":2,"name":"Datenschutz \u00dcbersicht"}]},{"@type":"WebSite","@id":"https:\/\/www.scheer-group.com\/de\/#website","url":"https:\/\/www.scheer-group.com\/de\/","name":"Scheer Gruppe","description":"","potentialAction":[{"@type":"SearchAction","target":{"@type":"EntryPoint","urlTemplate":"https:\/\/www.scheer-group.com\/de\/?s={search_term_string}"},"query-input":"required name=search_term_string"}],"inLanguage":"de"}]}},"_links":{"self":[{"href":"https:\/\/www.scheer-group.com\/de\/wp-json\/wp\/v2\/pages\/23564"}],"collection":[{"href":"https:\/\/www.scheer-group.com\/de\/wp-json\/wp\/v2\/pages"}],"about":[{"href":"https:\/\/www.scheer-group.com\/de\/wp-json\/wp\/v2\/types\/page"}],"author":[{"embeddable":true,"href":"https:\/\/www.scheer-group.com\/de\/wp-json\/wp\/v2\/users\/84"}],"replies":[{"embeddable":true,"href":"https:\/\/www.scheer-group.com\/de\/wp-json\/wp\/v2\/comments?post=23564"}],"version-history":[{"count":9,"href":"https:\/\/www.scheer-group.com\/de\/wp-json\/wp\/v2\/pages\/23564\/revisions"}],"predecessor-version":[{"id":23577,"href":"https:\/\/www.scheer-group.com\/de\/wp-json\/wp\/v2\/pages\/23564\/revisions\/23577"}],"wp:attachment":[{"href":"https:\/\/www.scheer-group.com\/de\/wp-json\/wp\/v2\/media?parent=23564"}],"curies":[{"name":"wp","href":"https:\/\/api.w.org\/{rel}","templated":true}]}}