{"id":23030,"date":"2025-09-09T14:36:21","date_gmt":"2025-09-09T12:36:21","guid":{"rendered":"https:\/\/www.scheer-group.com\/de\/?page_id=23030"},"modified":"2025-10-10T11:45:49","modified_gmt":"2025-10-10T09:45:49","slug":"digitale-industrie","status":"publish","type":"page","link":"https:\/\/www.scheer-group.com\/de\/digitale-industrie\/","title":{"rendered":"AWS Buch Launch Digitale Industrie"},"content":{"rendered":"<div id=\"pl-23030\"  class=\"panel-layout\" ><div id=\"pg-23030-0\"  class=\"panel-grid panel-no-style\"  style=\"--mobile-padding:;\" ><div id=\"pgc-23030-0-0\"  class=\"panel-grid-cell panel-grid-cell-empty\" ><\/div><div id=\"pgc-23030-0-1\"  class=\"panel-grid-cell panel-grid-cell-mobile-last\" ><div id=\"panel-23030-0-1-0\" class=\"so-panel widget widget_zrm-up-hero panel-first-child panel-last-child\" data-index=\"0\" ><div\n\t\t\t\n\t\t\tclass=\"so-widget-zrm-up-hero so-widget-zrm-up-hero-default-d75171398898-23030\"\n\t\t\t\n\t\t>\n    <div class=\"widget widget--update widget--hero_update widget--show\" style=\"--margins-desktop:0px 0px 120px 0px;--margins-mobile:0px 0px 60px 0px;\">\n        <div class=\"hero\">\n            <div class=\"hero__content\">\n                <div class=\"hero__labels text_small_update bold\">\n                                    <\/div>\n                                <h1 class=\"hero__headline h1_update bold\">Digitale Industrie<\/h1>                <div class=\"hero__copy text_medium_update\">Das neue Buch von Prof. Dr. August-Wilhelm Scheer ab sofort erh\u00e4ltlich<\/div>\n                <div class=\"hero__links\">\n                                                <a href=\"https:\/\/www.amazon.de\/Digitale-Industrie-Daten-Prozesse-Metaverse\/dp\/3658494433\/ref=sr_1_fkmr0_1?__mk_de_DE=%C3%85M%C3%85%C5%BD%C3%95%C3%91&#038;crid=1BSSNB8EKS7L&#038;dib=eyJ2IjoiMSJ9.WqyX8o7pDXoXYJ7Vh2JUlEcNziaIej5tNZumpkh_5939p-L_4H7fSz5An0VxOSSGwlTVy9K_7e4OmIXfWxkdZnfklHJlEQImpjh_9Nn_Kc4.tlRBqTDNC_GMBHEfM8daP-3DuZ9nanr1jvH91F3z2w8&#038;dib_tag=se&#038;keywords=digitale+industrie+prof+scheer&#038;qid=1756894794&#038;sprefix=digitale+induszrie+prof+schee%2Caps%2C76&#038;sr=8-1-fkmr0\" title=\"Jetzt bestellen\" target=\"_blank\" class=\"button button--update button--red button--normal button--solid hero__link\">\n                                Jetzt bestellen                            <\/a>\n                                            <\/div>\n            <\/div>\n            <div class=\"hero__media\">\n                <img width=\"1024\" height=\"768\" src=\"https:\/\/www.scheer-group.com\/de\/wp-content\/uploads\/sites\/8\/2025\/09\/Hero_Digitale-Industrie-1024x768.jpg\" class=\"attachment-large size-large\" alt=\"\" decoding=\"auto\" fetchpriority=\"high\" srcset=\"https:\/\/www.scheer-group.com\/de\/wp-content\/uploads\/sites\/8\/2025\/09\/Hero_Digitale-Industrie-1024x768.jpg 1024w, https:\/\/www.scheer-group.com\/de\/wp-content\/uploads\/sites\/8\/2025\/09\/Hero_Digitale-Industrie-300x225.jpg 300w, https:\/\/www.scheer-group.com\/de\/wp-content\/uploads\/sites\/8\/2025\/09\/Hero_Digitale-Industrie-768x576.jpg 768w, https:\/\/www.scheer-group.com\/de\/wp-content\/uploads\/sites\/8\/2025\/09\/Hero_Digitale-Industrie-1536x1152.jpg 1536w, https:\/\/www.scheer-group.com\/de\/wp-content\/uploads\/sites\/8\/2025\/09\/Hero_Digitale-Industrie.jpg 1920w\" sizes=\"(max-width: 1024px) 100vw, 1024px\" \/>            <\/div>\n        <\/div>\n    <\/div>\n\n<\/div><\/div><\/div><div id=\"pgc-23030-0-2\"  class=\"panel-grid-cell panel-grid-cell-empty\" ><\/div><\/div><div id=\"pg-23030-1\"  class=\"panel-grid panel-no-style\"  style=\"--mobile-padding:;\" ><div id=\"pgc-23030-1-0\"  class=\"panel-grid-cell\" ><div id=\"panel-23030-1-0-0\" class=\"so-panel widget widget_zrm-separator panel-first-child panel-last-child\" data-index=\"1\" ><div\n\t\t\t\n\t\t\tclass=\"so-widget-zrm-separator so-widget-zrm-separator-default-d75171398898-23030\"\n\t\t\t\n\t\t><div class=\"widget widget--separator widget--show lg\">\n\t<div class=\"separator\">\n\t\t<div class=\"separator__line\"><\/div>\n\t\t\t\t<div class=\"separator__line\"><\/div>\n\t<\/div>\n<\/div><\/div><\/div><\/div><\/div><div id=\"pg-23030-2\"  class=\"panel-grid panel-no-style\"  style=\"--mobile-padding:;\" ><div id=\"pgc-23030-2-0\"  class=\"panel-grid-cell panel-grid-cell-empty\" ><\/div><div id=\"pgc-23030-2-1\"  class=\"panel-grid-cell panel-grid-cell-mobile-last\" ><div id=\"panel-23030-2-1-0\" class=\"so-panel widget widget_zrm-headline panel-first-child\" data-index=\"2\" ><div\n\t\t\t\n\t\t\tclass=\"so-widget-zrm-headline so-widget-zrm-headline-default-d75171398898-23030\"\n\t\t\t\n\t\t><div class=\"widget widget--headline widget--center widget--show sm  \">\n\t<div class=\"preline\"><\/div>\n\t<h1 class=\"headline h1\">Digitale Industrie<\/h1>\t<div class=\"subline\">Daten \u2013 Prozesse \u2013 Metaverse<\/div>\n<\/div>\n<\/div><\/div><div id=\"panel-23030-2-1-1\" class=\"so-panel widget widget_zrm-editor panel-last-child\" data-index=\"3\" ><div\n\t\t\t\n\t\t\tclass=\"so-widget-zrm-editor so-widget-zrm-editor-default-d75171398898-23030\"\n\t\t\t\n\t\t><div class=\"widget widget--editor widget--show lg\">\n\t<p style=\"text-align: center;margin-bottom: 15px\" data-start=\"155\" data-end=\"669\">Daten sind der Rohstoff des digitalen Zeitalters \u2013 doch erst ihre gezielte Strukturierung entfaltet ihr volles Potenzial.\u00a0<strong>Prof. Dr. August-Wilhelm Scheer<\/strong>\u00a0zeigt in\u00a0<strong>Digitale Industrie<\/strong>, wie Unternehmen ihre Datensch\u00e4tze in Logistik, Produktion und Produktentwicklung nutzbar machen. Mit praxisnahen Referenzmodellen f\u00fcr Daten und Gesch\u00e4ftsprozesse liefert das Buch die Grundlage f\u00fcr intelligente Datenarchitekturen, Digitalisierungsstrategien und Innovationen wie digitale Zwillinge oder das Industrial Metaverse.<\/p>\n<p style=\"text-align: center\" data-start=\"671\" data-end=\"831\">Ein unverzichtbarer Leitfaden f\u00fcr Fach- und F\u00fchrungskr\u00e4fte, Studierende und Lehrende, die die digitale Transformation in der Industrie aktiv gestalten wollen.<\/p>\n<\/div><\/div><\/div><\/div><div id=\"pgc-23030-2-2\"  class=\"panel-grid-cell panel-grid-cell-empty\" ><\/div><\/div><div id=\"pg-23030-3\"  class=\"panel-grid panel-has-style\"  style=\"--mobile-padding:0px 0px 60px 0px;\" ><div class=\"panel-row-style panel-row-style-for-23030-3\" ><div id=\"pgc-23030-3-0\"  class=\"panel-grid-cell panel-grid-cell-empty\" ><\/div><div id=\"pgc-23030-3-1\"  class=\"panel-grid-cell panel-grid-cell-mobile-last\" ><div id=\"panel-23030-3-1-0\" class=\"so-panel widget widget_zrm-paragraph panel-first-child panel-last-child\" data-index=\"4\" ><div\n\t\t\t\n\t\t\tclass=\"so-widget-zrm-paragraph so-widget-zrm-paragraph-default-d75171398898-23030\"\n\t\t\t\n\t\t><div class=\"widget widget--paragraph  paragraph-alignment--center shadow imgright widget--show lg\">\n\t\t\t<div class=\"paragraph__image\">\n\t\t\t<img decoding=\"async\" width=\"600\" height=\"600\" src=\"https:\/\/www.scheer-group.com\/de\/wp-content\/uploads\/sites\/8\/2025\/03\/Scheer_SmallCards-600x600px_Prof-Scheer-1.jpg\" class=\"attachment-full size-full\" alt=\"\" srcset=\"https:\/\/www.scheer-group.com\/de\/wp-content\/uploads\/sites\/8\/2025\/03\/Scheer_SmallCards-600x600px_Prof-Scheer-1.jpg 600w, https:\/\/www.scheer-group.com\/de\/wp-content\/uploads\/sites\/8\/2025\/03\/Scheer_SmallCards-600x600px_Prof-Scheer-1-300x300.jpg 300w, https:\/\/www.scheer-group.com\/de\/wp-content\/uploads\/sites\/8\/2025\/03\/Scheer_SmallCards-600x600px_Prof-Scheer-1-150x150.jpg 150w\" sizes=\"(max-width: 600px) 100vw, 600px\" \/>\t\t<\/div>\n\t\t<div class=\"paragraph__content\">\n\t\t<div class=\"paragraph__wrapper\">\n\t\t\t<h4 class=\"paragraph__headline h3\">\"Datenmodelle sind die komprimierteste Form, um komplexe Systeme zu verstehen.\"<\/h4>\n\t\t\t<div class=\"paragraph__copy\"><div class=\"elementor-element elementor-element-351642e elementor-widget__width-initial elementor-widget elementor-widget-heading\" data-id=\"351642e\" data-element_type=\"widget\" data-widget_type=\"heading.default\">\n<div class=\"elementor-widget-container\">\n<p class=\"elementor-heading-title elementor-size-default\">Prof. Dr. Dr. h.c. mult. August-Wilhelm Scheer<\/p>\n<\/div>\n<\/div>\n<\/div>\n\t\t\t\t\t\t\t\t<\/div>\n\t<\/div>\n<\/div>\n<\/div><\/div><\/div><div id=\"pgc-23030-3-2\"  class=\"panel-grid-cell panel-grid-cell-empty\" ><\/div><\/div><\/div><div id=\"pg-23030-4\"  class=\"panel-grid panel-has-style\"  style=\"--mobile-padding:0px 0px 60px 0px;\" ><div class=\"panel-row-style panel-row-style-for-23030-4\" ><div id=\"pgc-23030-4-0\"  class=\"panel-grid-cell panel-grid-cell-empty\" ><\/div><div id=\"pgc-23030-4-1\"  class=\"panel-grid-cell panel-grid-cell-mobile-last\" ><div id=\"panel-23030-4-1-0\" class=\"so-panel widget widget_zrm-headline panel-first-child\" data-index=\"5\" ><div\n\t\t\t\n\t\t\tclass=\"so-widget-zrm-headline so-widget-zrm-headline-default-d75171398898-23030\"\n\t\t\t\n\t\t><div class=\"widget widget--headline widget--center widget--show sm  \">\n\t<div class=\"preline\"><\/div>\n\t<h2 class=\"headline h2\">\u00dcber den Autor<\/h2>\t<div class=\"subline\"><\/div>\n<\/div>\n<\/div><\/div><div id=\"panel-23030-4-1-1\" class=\"so-panel widget widget_zrm-editor panel-last-child\" data-index=\"6\" ><div\n\t\t\t\n\t\t\tclass=\"so-widget-zrm-editor so-widget-zrm-editor-default-d75171398898-23030\"\n\t\t\t\n\t\t><div class=\"widget widget--editor widget--show md\">\n\t<p style=\"text-align: center\" data-start=\"155\" data-end=\"669\">Prof. Dr. August-Wilhelm Scheer ist einer der pr\u00e4gendsten Wissenschaftler und Unternehmer der deutschen Informationstechnik und Softwareindustrie. Seine B\u00fccher geh\u00f6ren zu den Standardwerken des Gesch\u00e4ftsprozessmanagements; die von ihm entwickelte Managementmethode ARIS f\u00fcr Prozesse und IT wird in nahezu allen DAX-, vielen mittelst\u00e4ndischen Unternehmen und auch international eingesetzt. Er ist Gr\u00fcnder erfolgreicher Software- und Beratungsunternehmen, die er aktiv begleitet.<\/p>\n<\/div><\/div><\/div><\/div><div id=\"pgc-23030-4-2\"  class=\"panel-grid-cell panel-grid-cell-empty\" ><\/div><\/div><\/div><div id=\"pg-23030-5\"  class=\"panel-grid panel-no-style\"  style=\"--mobile-padding:;\" ><div id=\"pgc-23030-5-0\"  class=\"panel-grid-cell\" ><div id=\"panel-23030-5-0-0\" class=\"so-panel widget widget_zrm-up-banner panel-first-child panel-last-child\" data-index=\"7\" ><div\n\t\t\t\n\t\t\tclass=\"so-widget-zrm-up-banner so-widget-zrm-up-banner-default-d75171398898-23030\"\n\t\t\t\n\t\t>\n    <div class=\"widget widget--update widget--banner_update widget--show\" style=\"--margins-desktop:0px 0px 120px 0px;--margins-mobile:0px 0px 60px 0px;--paddings-desktop:0px 0px 0px 0px;--paddings-mobile:0px 0px 0px 0px;\">\n        <div class=\"banner\" data-column_orientation=\"content-image\" style=\"--banner-color-background: #0a0a0a\">\n            <div class=\"banner__media banner__media--blend\">\n                <img decoding=\"async\" width=\"800\" height=\"450\" src=\"https:\/\/www.scheer-group.com\/de\/wp-content\/uploads\/sites\/8\/2025\/10\/Hero_Digitale-Industrie-1600x900-1.jpg\" class=\"banner__image \" alt=\"\" srcset=\"https:\/\/www.scheer-group.com\/de\/wp-content\/uploads\/sites\/8\/2025\/10\/Hero_Digitale-Industrie-1600x900-1.jpg 800w, https:\/\/www.scheer-group.com\/de\/wp-content\/uploads\/sites\/8\/2025\/10\/Hero_Digitale-Industrie-1600x900-1-300x169.jpg 300w, https:\/\/www.scheer-group.com\/de\/wp-content\/uploads\/sites\/8\/2025\/10\/Hero_Digitale-Industrie-1600x900-1-768x432.jpg 768w\" sizes=\"(max-width: 800px) 100vw, 800px\" \/>            <\/div>\n            <div class=\"banner__content\" style=\"--banner-padding-desktop: 48px 48px 48px 48px; --banner-padding-mobile: ; --banner-color-text: #ffffff\">\n                <div class=\"banner__text\">\n                    <div class=\"banner__headline bold h4_update\">Digitale Industrie:<br \/> Daten - Prozesse - Metaverse ab sofort erh\u00e4ltlich!<\/div>\n                    <div class=\"banner__copy bold text_large_update\"><\/div>\n                <\/div>\n                                    <div class=\"banner__buttons\">\n                                                                                                                <a href=\"https:\/\/www.amazon.de\/Digitale-Industrie-Daten-Prozesse-Metaverse\/dp\/3658494433\/\" title=\"Jetzt bei Amazon bestellen\" target=\"_self\" class=\"button button--update button--red button--normal button--solid\">\n                                    Jetzt bei Amazon bestellen                                <\/a>\n                                                                                                                                            <a href=\"https:\/\/link.springer.com\/book\/10.1007\/978-3-658-49444-5\" title=\"Jetzt bei Springer bestellen\" target=\"_self\" class=\"button button--update button--red button--normal button--solid\">\n                                    Jetzt bei Springer bestellen                                <\/a>\n                                                                        <\/div>\n                            <\/div>\n        <\/div>\n    <\/div>\n\n<\/div><\/div><\/div><\/div><\/div>","protected":false},"excerpt":{"rendered":"<p>Digitale Industrie Das neue Buch von Prof. Dr. August-Wilhelm Scheer ab sofort erh\u00e4ltlich Jetzt bestellen Digitale Industrie Daten \u2013 Prozesse \u2013 Metaverse Daten sind der Rohstoff des digitalen Zeitalters \u2013 doch erst ihre gezielte Strukturierung entfaltet ihr volles Potenzial.\u00a0Prof. Dr. August-Wilhelm Scheer\u00a0zeigt in\u00a0Digitale Industrie, wie Unternehmen ihre Datensch\u00e4tze in Logistik, Produktion und Produktentwicklung nutzbar machen. [&hellip;]<\/p>\n","protected":false},"author":7,"featured_media":23055,"parent":0,"menu_order":0,"comment_status":"closed","ping_status":"closed","template":"","meta":{"_acf_changed":false,"content-type":"","footnotes":""},"class_list":["post-23030","page","type-page","status-publish","has-post-thumbnail","hentry"],"acf":[],"yoast_head":"<!-- This site is optimized with the Yoast SEO plugin v23.1 - https:\/\/yoast.com\/wordpress\/plugins\/seo\/ -->\n<title>Buchneuerscheinung: Digitale Industrie<\/title>\n<meta name=\"description\" content=\"Digitale Industrie: das neue Buch von Prof. Dr. August-Wilhelm ab dem 24. November erh\u00e4ltlich. Jetzt vorbestellen!\" \/>\n<meta name=\"robots\" content=\"index, follow, max-snippet:-1, max-image-preview:large, max-video-preview:-1\" \/>\n<link rel=\"canonical\" href=\"https:\/\/www.scheer-group.com\/de\/digitale-industrie\/\" \/>\n<meta property=\"og:locale\" content=\"de_DE\" \/>\n<meta property=\"og:type\" content=\"article\" \/>\n<meta property=\"og:title\" content=\"Buchneuerscheinung: Digitale Industrie\" \/>\n<meta property=\"og:description\" content=\"Digitale Industrie: das neue Buch von Prof. Dr. August-Wilhelm ab dem 24. November erh\u00e4ltlich. Jetzt vorbestellen!\" \/>\n<meta property=\"og:url\" content=\"https:\/\/www.scheer-group.com\/de\/digitale-industrie\/\" \/>\n<meta property=\"og:site_name\" content=\"Scheer Gruppe\" \/>\n<meta property=\"article:publisher\" content=\"https:\/\/www.facebook.com\/imcLearning\" \/>\n<meta property=\"article:modified_time\" content=\"2025-10-10T09:45:49+00:00\" \/>\n<meta property=\"og:image\" content=\"https:\/\/www.scheer-group.com\/de\/wp-content\/uploads\/sites\/8\/2025\/09\/Beitragsbild_Digitale-Industrie_1080x1080.jpg\" \/>\n\t<meta property=\"og:image:width\" content=\"1080\" \/>\n\t<meta property=\"og:image:height\" content=\"1080\" \/>\n\t<meta property=\"og:image:type\" content=\"image\/jpeg\" \/>\n<meta name=\"twitter:card\" content=\"summary_large_image\" \/>\n<meta name=\"twitter:site\" content=\"@imc_learning\" \/>\n<meta name=\"twitter:label1\" content=\"Gesch\u00e4tzte Lesezeit\" \/>\n\t<meta name=\"twitter:data1\" content=\"2\u00a0Minuten\" \/>\n<script type=\"application\/ld+json\" class=\"yoast-schema-graph\">{\"@context\":\"https:\/\/schema.org\",\"@graph\":[{\"@type\":\"WebPage\",\"@id\":\"https:\/\/www.scheer-group.com\/de\/digitale-industrie\/\",\"url\":\"https:\/\/www.scheer-group.com\/de\/digitale-industrie\/\",\"name\":\"Buchneuerscheinung: Digitale Industrie\",\"isPartOf\":{\"@id\":\"https:\/\/www.scheer-group.com\/de\/#website\"},\"primaryImageOfPage\":{\"@id\":\"https:\/\/www.scheer-group.com\/de\/digitale-industrie\/#primaryimage\"},\"image\":{\"@id\":\"https:\/\/www.scheer-group.com\/de\/digitale-industrie\/#primaryimage\"},\"thumbnailUrl\":\"https:\/\/www.scheer-group.com\/de\/wp-content\/uploads\/sites\/8\/2025\/09\/Beitragsbild_Digitale-Industrie_1080x1080.jpg\",\"datePublished\":\"2025-09-09T12:36:21+00:00\",\"dateModified\":\"2025-10-10T09:45:49+00:00\",\"description\":\"Digitale Industrie: das neue Buch von Prof. Dr. August-Wilhelm ab dem 24. November erh\u00e4ltlich. Jetzt vorbestellen!\",\"breadcrumb\":{\"@id\":\"https:\/\/www.scheer-group.com\/de\/digitale-industrie\/#breadcrumb\"},\"inLanguage\":\"de\",\"potentialAction\":[{\"@type\":\"ReadAction\",\"target\":[\"https:\/\/www.scheer-group.com\/de\/digitale-industrie\/\"]}]},{\"@type\":\"ImageObject\",\"inLanguage\":\"de\",\"@id\":\"https:\/\/www.scheer-group.com\/de\/digitale-industrie\/#primaryimage\",\"url\":\"https:\/\/www.scheer-group.com\/de\/wp-content\/uploads\/sites\/8\/2025\/09\/Beitragsbild_Digitale-Industrie_1080x1080.jpg\",\"contentUrl\":\"https:\/\/www.scheer-group.com\/de\/wp-content\/uploads\/sites\/8\/2025\/09\/Beitragsbild_Digitale-Industrie_1080x1080.jpg\",\"width\":1080,\"height\":1080},{\"@type\":\"BreadcrumbList\",\"@id\":\"https:\/\/www.scheer-group.com\/de\/digitale-industrie\/#breadcrumb\",\"itemListElement\":[{\"@type\":\"ListItem\",\"position\":1,\"name\":\"Startseite\",\"item\":\"https:\/\/www.scheer-group.com\/de\/\"},{\"@type\":\"ListItem\",\"position\":2,\"name\":\"AWS Buch Launch Digitale Industrie\"}]},{\"@type\":\"WebSite\",\"@id\":\"https:\/\/www.scheer-group.com\/de\/#website\",\"url\":\"https:\/\/www.scheer-group.com\/de\/\",\"name\":\"Scheer Gruppe\",\"description\":\"\",\"potentialAction\":[{\"@type\":\"SearchAction\",\"target\":{\"@type\":\"EntryPoint\",\"urlTemplate\":\"https:\/\/www.scheer-group.com\/de\/?s={search_term_string}\"},\"query-input\":\"required name=search_term_string\"}],\"inLanguage\":\"de\"}]}<\/script>\n<!-- \/ Yoast SEO plugin. -->","yoast_head_json":{"title":"Buchneuerscheinung: Digitale Industrie","description":"Digitale Industrie: das neue Buch von Prof. Dr. August-Wilhelm ab dem 24. November erh\u00e4ltlich. Jetzt vorbestellen!","robots":{"index":"index","follow":"follow","max-snippet":"max-snippet:-1","max-image-preview":"max-image-preview:large","max-video-preview":"max-video-preview:-1"},"canonical":"https:\/\/www.scheer-group.com\/de\/digitale-industrie\/","og_locale":"de_DE","og_type":"article","og_title":"Buchneuerscheinung: Digitale Industrie","og_description":"Digitale Industrie: das neue Buch von Prof. Dr. August-Wilhelm ab dem 24. November erh\u00e4ltlich. Jetzt vorbestellen!","og_url":"https:\/\/www.scheer-group.com\/de\/digitale-industrie\/","og_site_name":"Scheer Gruppe","article_publisher":"https:\/\/www.facebook.com\/imcLearning","article_modified_time":"2025-10-10T09:45:49+00:00","og_image":[{"width":1080,"height":1080,"url":"https:\/\/www.scheer-group.com\/de\/wp-content\/uploads\/sites\/8\/2025\/09\/Beitragsbild_Digitale-Industrie_1080x1080.jpg","type":"image\/jpeg"}],"twitter_card":"summary_large_image","twitter_site":"@imc_learning","twitter_misc":{"Gesch\u00e4tzte Lesezeit":"2\u00a0Minuten"},"schema":{"@context":"https:\/\/schema.org","@graph":[{"@type":"WebPage","@id":"https:\/\/www.scheer-group.com\/de\/digitale-industrie\/","url":"https:\/\/www.scheer-group.com\/de\/digitale-industrie\/","name":"Buchneuerscheinung: Digitale Industrie","isPartOf":{"@id":"https:\/\/www.scheer-group.com\/de\/#website"},"primaryImageOfPage":{"@id":"https:\/\/www.scheer-group.com\/de\/digitale-industrie\/#primaryimage"},"image":{"@id":"https:\/\/www.scheer-group.com\/de\/digitale-industrie\/#primaryimage"},"thumbnailUrl":"https:\/\/www.scheer-group.com\/de\/wp-content\/uploads\/sites\/8\/2025\/09\/Beitragsbild_Digitale-Industrie_1080x1080.jpg","datePublished":"2025-09-09T12:36:21+00:00","dateModified":"2025-10-10T09:45:49+00:00","description":"Digitale Industrie: das neue Buch von Prof. Dr. August-Wilhelm ab dem 24. November erh\u00e4ltlich. Jetzt vorbestellen!","breadcrumb":{"@id":"https:\/\/www.scheer-group.com\/de\/digitale-industrie\/#breadcrumb"},"inLanguage":"de","potentialAction":[{"@type":"ReadAction","target":["https:\/\/www.scheer-group.com\/de\/digitale-industrie\/"]}]},{"@type":"ImageObject","inLanguage":"de","@id":"https:\/\/www.scheer-group.com\/de\/digitale-industrie\/#primaryimage","url":"https:\/\/www.scheer-group.com\/de\/wp-content\/uploads\/sites\/8\/2025\/09\/Beitragsbild_Digitale-Industrie_1080x1080.jpg","contentUrl":"https:\/\/www.scheer-group.com\/de\/wp-content\/uploads\/sites\/8\/2025\/09\/Beitragsbild_Digitale-Industrie_1080x1080.jpg","width":1080,"height":1080},{"@type":"BreadcrumbList","@id":"https:\/\/www.scheer-group.com\/de\/digitale-industrie\/#breadcrumb","itemListElement":[{"@type":"ListItem","position":1,"name":"Startseite","item":"https:\/\/www.scheer-group.com\/de\/"},{"@type":"ListItem","position":2,"name":"AWS Buch Launch Digitale Industrie"}]},{"@type":"WebSite","@id":"https:\/\/www.scheer-group.com\/de\/#website","url":"https:\/\/www.scheer-group.com\/de\/","name":"Scheer Gruppe","description":"","potentialAction":[{"@type":"SearchAction","target":{"@type":"EntryPoint","urlTemplate":"https:\/\/www.scheer-group.com\/de\/?s={search_term_string}"},"query-input":"required name=search_term_string"}],"inLanguage":"de"}]}},"_links":{"self":[{"href":"https:\/\/www.scheer-group.com\/de\/wp-json\/wp\/v2\/pages\/23030"}],"collection":[{"href":"https:\/\/www.scheer-group.com\/de\/wp-json\/wp\/v2\/pages"}],"about":[{"href":"https:\/\/www.scheer-group.com\/de\/wp-json\/wp\/v2\/types\/page"}],"author":[{"embeddable":true,"href":"https:\/\/www.scheer-group.com\/de\/wp-json\/wp\/v2\/users\/7"}],"replies":[{"embeddable":true,"href":"https:\/\/www.scheer-group.com\/de\/wp-json\/wp\/v2\/comments?post=23030"}],"version-history":[{"count":38,"href":"https:\/\/www.scheer-group.com\/de\/wp-json\/wp\/v2\/pages\/23030\/revisions"}],"predecessor-version":[{"id":23415,"href":"https:\/\/www.scheer-group.com\/de\/wp-json\/wp\/v2\/pages\/23030\/revisions\/23415"}],"wp:featuredmedia":[{"embeddable":true,"href":"https:\/\/www.scheer-group.com\/de\/wp-json\/wp\/v2\/media\/23055"}],"wp:attachment":[{"href":"https:\/\/www.scheer-group.com\/de\/wp-json\/wp\/v2\/media?parent=23030"}],"curies":[{"name":"wp","href":"https:\/\/api.w.org\/{rel}","templated":true}]}}