{"id":22632,"date":"2025-06-25T17:04:04","date_gmt":"2025-06-25T15:04:04","guid":{"rendered":"https:\/\/www.scheer-group.com\/de\/?page_id=22632"},"modified":"2025-09-10T14:38:18","modified_gmt":"2025-09-10T12:38:18","slug":"scheer-digital-anfahrt","status":"publish","type":"page","link":"https:\/\/www.scheer-group.com\/de\/scheer-digital-anfahrt\/","title":{"rendered":"Scheer Digital Location &amp; Anfahrt"},"content":{"rendered":"<div id=\"pl-22632\"  class=\"panel-layout\" ><div id=\"pg-22632-0\"  class=\"panel-grid panel-no-style\"  style=\"--mobile-padding:;\" ><div id=\"pgc-22632-0-0\"  class=\"panel-grid-cell panel-grid-cell-empty\" ><\/div><div id=\"pgc-22632-0-1\"  class=\"panel-grid-cell panel-grid-cell-mobile-last\" ><div id=\"panel-22632-0-1-0\" class=\"so-panel widget widget_zrm-editor panel-first-child\" data-index=\"0\" ><div\n\t\t\t\n\t\t\tclass=\"so-widget-zrm-editor so-widget-zrm-editor-default-d75171398898-22632\"\n\t\t\t\n\t\t><div class=\"widget widget--editor widget--show lg\">\n\t<\/div><\/div><\/div><div id=\"panel-22632-0-1-1\" class=\"so-panel widget widget_zrm-headline panel-last-child\" data-index=\"1\" ><div\n\t\t\t\n\t\t\tclass=\"so-widget-zrm-headline so-widget-zrm-headline-default-d75171398898-22632\"\n\t\t\t\n\t\t><div class=\"widget widget--headline widget--left widget--show lg  \">\n\t<div class=\"preline\"><\/div>\n\t<h1 class=\"headline h1\">Location &amp; Anfahrt<\/h1>\t<div class=\"subline\"><\/div>\n<\/div>\n<\/div><\/div><\/div><div id=\"pgc-22632-0-2\"  class=\"panel-grid-cell panel-grid-cell-empty\" ><\/div><\/div><div id=\"pg-22632-1\"  class=\"panel-grid panel-no-style\"  style=\"--mobile-padding:;\" ><div id=\"pgc-22632-1-0\"  class=\"panel-grid-cell panel-grid-cell-empty\" ><\/div><div id=\"pgc-22632-1-1\"  class=\"panel-grid-cell\" ><div id=\"panel-22632-1-1-0\" class=\"so-panel widget widget_zrm-image panel-first-child panel-last-child\" data-index=\"2\" ><div\n\t\t\t\n\t\t\tclass=\"so-widget-zrm-image so-widget-zrm-image-default-d75171398898-22632\"\n\t\t\t\n\t\t>\n<div class=\"widget widget--image  widget--left widget--show sm\">\n\t<div class=\"image__file normalsize noshadow\"><img decoding=\"async\" src=\"https:\/\/www.scheer-group.com\/de\/wp-content\/uploads\/sites\/8\/2025\/08\/imc_icon_location_black.svg\" class=\"attachment-full size-full\" alt=\"\" \/><\/div>\n\t<\/div><\/div><\/div><\/div><div id=\"pgc-22632-1-2\"  class=\"panel-grid-cell panel-grid-cell-mobile-last\" ><div id=\"panel-22632-1-2-0\" class=\"so-panel widget widget_zrm-headline panel-first-child\" data-index=\"3\" ><div\n\t\t\t\n\t\t\tclass=\"so-widget-zrm-headline so-widget-zrm-headline-default-d75171398898-22632\"\n\t\t\t\n\t\t><div class=\"widget widget--headline widget--left widget--show sm  \">\n\t<div class=\"preline\"><\/div>\n\t<h3 class=\"headline h3\">Adresse<\/h3>\t<div class=\"subline\"><\/div>\n<\/div>\n<\/div><\/div><div id=\"panel-22632-1-2-1\" class=\"so-panel widget widget_zrm-editor panel-last-child\" data-index=\"4\" ><div\n\t\t\t\n\t\t\tclass=\"so-widget-zrm-editor so-widget-zrm-editor-default-d75171398898-22632\"\n\t\t\t\n\t\t><div class=\"widget widget--editor widget--show md\">\n\t<p>Die Location liegt zentral im Rhein-Main-Gebiet zwischen den Gro\u00dfst\u00e4dten Frankfurt, Mainz und Wiesbaden. Dank der direkten Anbindung zur Autobahn A60 ist der Flughafen FFM in 15-20 Minuten erreicht.<\/p>\n<p>&nbsp;<\/p>\n<p>Wenn Sie die Anfahrt mit dem PKW planen, geben Sie f\u00fcr die Anreise bitte folgende Adresse in Ihr Navigationssystem ein:<\/p>\n<p>&nbsp;<\/p>\n<p class=\"heading align-left icon-title\">Pyramide Mainz<br \/>\nNikolaus-Kopernikus-Stra\u00dfe 17<br \/>\n55129 Mainz<\/p>\n<p class=\"heading align-left icon-title\">GPS-Koordinaten: 49.965872, 8.255881<\/p>\n<p>&nbsp;<\/p>\n<p>&nbsp;<\/p>\n<\/div><\/div><\/div><\/div><div id=\"pgc-22632-1-3\"  class=\"panel-grid-cell panel-grid-cell-empty\" ><\/div><\/div><div id=\"pg-22632-2\"  class=\"panel-grid panel-no-style\"  style=\"--mobile-padding:;\" ><div id=\"pgc-22632-2-0\"  class=\"panel-grid-cell panel-grid-cell-empty\" ><\/div><div id=\"pgc-22632-2-1\"  class=\"panel-grid-cell\" ><div id=\"panel-22632-2-1-0\" class=\"so-panel widget widget_zrm-image panel-first-child panel-last-child\" data-index=\"5\" ><div\n\t\t\t\n\t\t\tclass=\"so-widget-zrm-image so-widget-zrm-image-default-d75171398898-22632\"\n\t\t\t\n\t\t>\n<div class=\"widget widget--image  widget--left widget--show lg\">\n\t<div class=\"image__file normalsize noshadow\"><img decoding=\"async\" src=\"https:\/\/www.scheer-group.com\/de\/wp-content\/uploads\/sites\/8\/2025\/08\/imc_icon_gallery_masterfile_rgb_parking.svg\" class=\"attachment-full size-full\" alt=\"\" \/><\/div>\n\t<\/div><\/div><\/div><\/div><div id=\"pgc-22632-2-2\"  class=\"panel-grid-cell panel-grid-cell-mobile-last\" ><div id=\"panel-22632-2-2-0\" class=\"so-panel widget widget_zrm-headline panel-first-child\" data-index=\"6\" ><div\n\t\t\t\n\t\t\tclass=\"so-widget-zrm-headline so-widget-zrm-headline-default-d75171398898-22632\"\n\t\t\t\n\t\t><div class=\"widget widget--headline widget--left widget--show sm  \">\n\t<div class=\"preline\"><\/div>\n\t<h3 class=\"headline h3\">Parken<\/h3>\t<div class=\"subline\"><\/div>\n<\/div>\n<\/div><\/div><div id=\"panel-22632-2-2-1\" class=\"so-panel widget widget_zrm-editor panel-last-child\" data-index=\"7\" ><div\n\t\t\t\n\t\t\tclass=\"so-widget-zrm-editor so-widget-zrm-editor-default-d75171398898-22632\"\n\t\t\t\n\t\t><div class=\"widget widget--editor widget--show md\">\n\t<p class=\"heading align-left icon-title\">Auf dem Privatgel\u00e4nde der Pyramide Mainz stehen 340 kostenfreie Parkpl\u00e4tze zur Verf\u00fcgung.<\/p>\n<\/div><\/div><\/div><\/div><div id=\"pgc-22632-2-3\"  class=\"panel-grid-cell panel-grid-cell-empty\" ><\/div><\/div><div id=\"pg-22632-3\"  class=\"panel-grid panel-no-style\"  style=\"--mobile-padding:;\" ><div id=\"pgc-22632-3-0\"  class=\"panel-grid-cell panel-grid-cell-empty\" ><\/div><div id=\"pgc-22632-3-1\"  class=\"panel-grid-cell\" ><div id=\"panel-22632-3-1-0\" class=\"so-panel widget widget_zrm-image panel-first-child panel-last-child\" data-index=\"8\" ><div\n\t\t\t\n\t\t\tclass=\"so-widget-zrm-image so-widget-zrm-image-default-d75171398898-22632\"\n\t\t\t\n\t\t>\n<div class=\"widget widget--image  widget--left widget--hide lg\">\n\t<div class=\"image__file normalsize noshadow\"><img decoding=\"async\" src=\"https:\/\/www.scheer-group.com\/de\/wp-content\/uploads\/sites\/8\/2025\/08\/imc_icon_gallery_masterfile_rgb_job_ticket.svg\" class=\"attachment-full size-full\" alt=\"\" \/><\/div>\n\t<\/div><\/div><\/div><\/div><div id=\"pgc-22632-3-2\"  class=\"panel-grid-cell panel-grid-cell-mobile-last\" ><div id=\"panel-22632-3-2-0\" class=\"so-panel widget widget_zrm-headline panel-first-child\" data-index=\"9\" ><div\n\t\t\t\n\t\t\tclass=\"so-widget-zrm-headline so-widget-zrm-headline-default-d75171398898-22632\"\n\t\t\t\n\t\t><div class=\"widget widget--headline widget--left widget--hide sm  \">\n\t<div class=\"preline\"><\/div>\n\t<h3 class=\"headline h3\">Anreise \u00d6PNV<\/h3>\t<div class=\"subline\"><\/div>\n<\/div>\n<\/div><\/div><div id=\"panel-22632-3-2-1\" class=\"so-panel widget widget_zrm-editor panel-last-child\" data-index=\"10\" ><div\n\t\t\t\n\t\t\tclass=\"so-widget-zrm-editor so-widget-zrm-editor-default-d75171398898-22632\"\n\t\t\t\n\t\t><div class=\"widget widget--editor widget--hide md\">\n\t<p class=\"heading align-left icon-title\">hier muss noch eine Info rein<\/p>\n<\/div><\/div><\/div><\/div><div id=\"pgc-22632-3-3\"  class=\"panel-grid-cell panel-grid-cell-empty\" ><\/div><\/div><div id=\"pg-22632-4\"  class=\"panel-grid panel-no-style\"  style=\"--mobile-padding:;\" ><div id=\"pgc-22632-4-0\"  class=\"panel-grid-cell panel-grid-cell-empty\" ><\/div><div id=\"pgc-22632-4-1\"  class=\"panel-grid-cell\" ><div id=\"panel-22632-4-1-0\" class=\"so-panel widget widget_zrm-image panel-first-child panel-last-child\" data-index=\"11\" ><div\n\t\t\t\n\t\t\tclass=\"so-widget-zrm-image so-widget-zrm-image-default-d75171398898-22632\"\n\t\t\t\n\t\t>\n<div class=\"widget widget--image  widget--left widget--show lg\">\n\t<div class=\"image__file normalsize noshadow\"><img decoding=\"async\" src=\"https:\/\/www.scheer-group.com\/de\/wp-content\/uploads\/sites\/8\/2025\/08\/imc_icon_gallery_masterfile_rgb_office-243.svg\" class=\"attachment-full size-full\" alt=\"\" \/><\/div>\n\t<\/div><\/div><\/div><\/div><div id=\"pgc-22632-4-2\"  class=\"panel-grid-cell panel-grid-cell-mobile-last\" ><div id=\"panel-22632-4-2-0\" class=\"so-panel widget widget_zrm-headline panel-first-child\" data-index=\"12\" ><div\n\t\t\t\n\t\t\tclass=\"so-widget-zrm-headline so-widget-zrm-headline-default-d75171398898-22632\"\n\t\t\t\n\t\t><div class=\"widget widget--headline widget--left widget--show sm  \">\n\t<div class=\"preline\"><\/div>\n\t<h3 class=\"headline h3\">Hotels<\/h3>\t<div class=\"subline\"><\/div>\n<\/div>\n<\/div><\/div><div id=\"panel-22632-4-2-1\" class=\"so-panel widget widget_zrm-editor panel-last-child\" data-index=\"13\" ><div\n\t\t\t\n\t\t\tclass=\"so-widget-zrm-editor so-widget-zrm-editor-default-d75171398898-22632\"\n\t\t\t\n\t\t><div class=\"widget widget--editor widget--show no\">\n\t<p class=\"h6-klein mobil-nein\">Es befinden sich drei Hotels in fu\u00dfl\u00e4ufiger Entfernung von 200-500m.<\/p>\n<p>&nbsp;<\/p>\n<p>&nbsp;<\/p>\n<p>&nbsp;<\/p>\n<\/div><\/div><\/div><\/div><div id=\"pgc-22632-4-3\"  class=\"panel-grid-cell panel-grid-cell-empty\" ><\/div><\/div><\/div>","protected":false},"excerpt":{"rendered":"<p>Location &amp; Anfahrt Adresse Die Location liegt zentral im Rhein-Main-Gebiet zwischen den Gro\u00dfst\u00e4dten Frankfurt, Mainz und Wiesbaden. Dank der direkten Anbindung zur Autobahn A60 ist der Flughafen FFM in 15-20 Minuten erreicht. &nbsp; Wenn Sie die Anfahrt mit dem PKW planen, geben Sie f\u00fcr die Anreise bitte folgende Adresse in Ihr Navigationssystem ein: &nbsp; Pyramide [&hellip;]<\/p>\n","protected":false},"author":7,"featured_media":22989,"parent":0,"menu_order":0,"comment_status":"closed","ping_status":"closed","template":"","meta":{"_acf_changed":false,"content-type":"","footnotes":""},"class_list":["post-22632","page","type-page","status-publish","has-post-thumbnail","hentry"],"acf":[],"yoast_head":"<!-- This site is optimized with the Yoast SEO plugin v23.1 - https:\/\/yoast.com\/wordpress\/plugins\/seo\/ -->\n<title>Ihre Anreise zur Scheer Digital 2025<\/title>\n<meta name=\"description\" content=\"Anfahrt, Parken, Hotels: alle Informationen kompakt in einer \u00dcbersicht zusammengefasst.\" \/>\n<meta name=\"robots\" content=\"index, follow, max-snippet:-1, max-image-preview:large, max-video-preview:-1\" \/>\n<link rel=\"canonical\" href=\"https:\/\/www.scheer-group.com\/de\/scheer-digital-anfahrt\/\" \/>\n<meta property=\"og:locale\" content=\"de_DE\" \/>\n<meta property=\"og:type\" content=\"article\" \/>\n<meta property=\"og:title\" content=\"Ihre Anreise zur Scheer Digital 2025\" \/>\n<meta property=\"og:description\" content=\"Anfahrt, Parken, Hotels: alle Informationen kompakt in einer \u00dcbersicht zusammengefasst.\" \/>\n<meta property=\"og:url\" content=\"https:\/\/www.scheer-group.com\/de\/scheer-digital-anfahrt\/\" \/>\n<meta property=\"og:site_name\" content=\"Scheer Gruppe\" \/>\n<meta property=\"article:publisher\" content=\"https:\/\/www.facebook.com\/imcLearning\" \/>\n<meta property=\"article:modified_time\" content=\"2025-09-10T12:38:18+00:00\" \/>\n<meta property=\"og:image\" content=\"https:\/\/www.scheer-group.com\/de\/wp-content\/uploads\/sites\/8\/2025\/09\/2025-09-Visual-Beitragsbild.jpg\" \/>\n\t<meta property=\"og:image:width\" content=\"1920\" \/>\n\t<meta property=\"og:image:height\" content=\"938\" \/>\n\t<meta property=\"og:image:type\" content=\"image\/jpeg\" \/>\n<meta name=\"twitter:card\" content=\"summary_large_image\" \/>\n<meta name=\"twitter:site\" content=\"@imc_learning\" \/>\n<meta name=\"twitter:label1\" content=\"Gesch\u00e4tzte Lesezeit\" \/>\n\t<meta name=\"twitter:data1\" content=\"2\u00a0Minuten\" \/>\n<script type=\"application\/ld+json\" class=\"yoast-schema-graph\">{\"@context\":\"https:\/\/schema.org\",\"@graph\":[{\"@type\":\"WebPage\",\"@id\":\"https:\/\/www.scheer-group.com\/de\/scheer-digital-anfahrt\/\",\"url\":\"https:\/\/www.scheer-group.com\/de\/scheer-digital-anfahrt\/\",\"name\":\"Ihre Anreise zur Scheer Digital 2025\",\"isPartOf\":{\"@id\":\"https:\/\/www.scheer-group.com\/de\/#website\"},\"primaryImageOfPage\":{\"@id\":\"https:\/\/www.scheer-group.com\/de\/scheer-digital-anfahrt\/#primaryimage\"},\"image\":{\"@id\":\"https:\/\/www.scheer-group.com\/de\/scheer-digital-anfahrt\/#primaryimage\"},\"thumbnailUrl\":\"https:\/\/www.scheer-group.com\/de\/wp-content\/uploads\/sites\/8\/2025\/09\/2025-09-Visual-Beitragsbild.jpg\",\"datePublished\":\"2025-06-25T15:04:04+00:00\",\"dateModified\":\"2025-09-10T12:38:18+00:00\",\"description\":\"Anfahrt, Parken, Hotels: alle Informationen kompakt in einer \u00dcbersicht zusammengefasst.\",\"breadcrumb\":{\"@id\":\"https:\/\/www.scheer-group.com\/de\/scheer-digital-anfahrt\/#breadcrumb\"},\"inLanguage\":\"de\",\"potentialAction\":[{\"@type\":\"ReadAction\",\"target\":[\"https:\/\/www.scheer-group.com\/de\/scheer-digital-anfahrt\/\"]}]},{\"@type\":\"ImageObject\",\"inLanguage\":\"de\",\"@id\":\"https:\/\/www.scheer-group.com\/de\/scheer-digital-anfahrt\/#primaryimage\",\"url\":\"https:\/\/www.scheer-group.com\/de\/wp-content\/uploads\/sites\/8\/2025\/09\/2025-09-Visual-Beitragsbild.jpg\",\"contentUrl\":\"https:\/\/www.scheer-group.com\/de\/wp-content\/uploads\/sites\/8\/2025\/09\/2025-09-Visual-Beitragsbild.jpg\",\"width\":1920,\"height\":938},{\"@type\":\"BreadcrumbList\",\"@id\":\"https:\/\/www.scheer-group.com\/de\/scheer-digital-anfahrt\/#breadcrumb\",\"itemListElement\":[{\"@type\":\"ListItem\",\"position\":1,\"name\":\"Startseite\",\"item\":\"https:\/\/www.scheer-group.com\/de\/\"},{\"@type\":\"ListItem\",\"position\":2,\"name\":\"Scheer Digital Location &amp; Anfahrt\"}]},{\"@type\":\"WebSite\",\"@id\":\"https:\/\/www.scheer-group.com\/de\/#website\",\"url\":\"https:\/\/www.scheer-group.com\/de\/\",\"name\":\"Scheer Gruppe\",\"description\":\"\",\"potentialAction\":[{\"@type\":\"SearchAction\",\"target\":{\"@type\":\"EntryPoint\",\"urlTemplate\":\"https:\/\/www.scheer-group.com\/de\/?s={search_term_string}\"},\"query-input\":\"required name=search_term_string\"}],\"inLanguage\":\"de\"}]}<\/script>\n<!-- \/ Yoast SEO plugin. -->","yoast_head_json":{"title":"Ihre Anreise zur Scheer Digital 2025","description":"Anfahrt, Parken, Hotels: alle Informationen kompakt in einer \u00dcbersicht zusammengefasst.","robots":{"index":"index","follow":"follow","max-snippet":"max-snippet:-1","max-image-preview":"max-image-preview:large","max-video-preview":"max-video-preview:-1"},"canonical":"https:\/\/www.scheer-group.com\/de\/scheer-digital-anfahrt\/","og_locale":"de_DE","og_type":"article","og_title":"Ihre Anreise zur Scheer Digital 2025","og_description":"Anfahrt, Parken, Hotels: alle Informationen kompakt in einer \u00dcbersicht zusammengefasst.","og_url":"https:\/\/www.scheer-group.com\/de\/scheer-digital-anfahrt\/","og_site_name":"Scheer Gruppe","article_publisher":"https:\/\/www.facebook.com\/imcLearning","article_modified_time":"2025-09-10T12:38:18+00:00","og_image":[{"width":1920,"height":938,"url":"https:\/\/www.scheer-group.com\/de\/wp-content\/uploads\/sites\/8\/2025\/09\/2025-09-Visual-Beitragsbild.jpg","type":"image\/jpeg"}],"twitter_card":"summary_large_image","twitter_site":"@imc_learning","twitter_misc":{"Gesch\u00e4tzte Lesezeit":"2\u00a0Minuten"},"schema":{"@context":"https:\/\/schema.org","@graph":[{"@type":"WebPage","@id":"https:\/\/www.scheer-group.com\/de\/scheer-digital-anfahrt\/","url":"https:\/\/www.scheer-group.com\/de\/scheer-digital-anfahrt\/","name":"Ihre Anreise zur Scheer Digital 2025","isPartOf":{"@id":"https:\/\/www.scheer-group.com\/de\/#website"},"primaryImageOfPage":{"@id":"https:\/\/www.scheer-group.com\/de\/scheer-digital-anfahrt\/#primaryimage"},"image":{"@id":"https:\/\/www.scheer-group.com\/de\/scheer-digital-anfahrt\/#primaryimage"},"thumbnailUrl":"https:\/\/www.scheer-group.com\/de\/wp-content\/uploads\/sites\/8\/2025\/09\/2025-09-Visual-Beitragsbild.jpg","datePublished":"2025-06-25T15:04:04+00:00","dateModified":"2025-09-10T12:38:18+00:00","description":"Anfahrt, Parken, Hotels: alle Informationen kompakt in einer \u00dcbersicht zusammengefasst.","breadcrumb":{"@id":"https:\/\/www.scheer-group.com\/de\/scheer-digital-anfahrt\/#breadcrumb"},"inLanguage":"de","potentialAction":[{"@type":"ReadAction","target":["https:\/\/www.scheer-group.com\/de\/scheer-digital-anfahrt\/"]}]},{"@type":"ImageObject","inLanguage":"de","@id":"https:\/\/www.scheer-group.com\/de\/scheer-digital-anfahrt\/#primaryimage","url":"https:\/\/www.scheer-group.com\/de\/wp-content\/uploads\/sites\/8\/2025\/09\/2025-09-Visual-Beitragsbild.jpg","contentUrl":"https:\/\/www.scheer-group.com\/de\/wp-content\/uploads\/sites\/8\/2025\/09\/2025-09-Visual-Beitragsbild.jpg","width":1920,"height":938},{"@type":"BreadcrumbList","@id":"https:\/\/www.scheer-group.com\/de\/scheer-digital-anfahrt\/#breadcrumb","itemListElement":[{"@type":"ListItem","position":1,"name":"Startseite","item":"https:\/\/www.scheer-group.com\/de\/"},{"@type":"ListItem","position":2,"name":"Scheer Digital Location &amp; Anfahrt"}]},{"@type":"WebSite","@id":"https:\/\/www.scheer-group.com\/de\/#website","url":"https:\/\/www.scheer-group.com\/de\/","name":"Scheer Gruppe","description":"","potentialAction":[{"@type":"SearchAction","target":{"@type":"EntryPoint","urlTemplate":"https:\/\/www.scheer-group.com\/de\/?s={search_term_string}"},"query-input":"required name=search_term_string"}],"inLanguage":"de"}]}},"_links":{"self":[{"href":"https:\/\/www.scheer-group.com\/de\/wp-json\/wp\/v2\/pages\/22632"}],"collection":[{"href":"https:\/\/www.scheer-group.com\/de\/wp-json\/wp\/v2\/pages"}],"about":[{"href":"https:\/\/www.scheer-group.com\/de\/wp-json\/wp\/v2\/types\/page"}],"author":[{"embeddable":true,"href":"https:\/\/www.scheer-group.com\/de\/wp-json\/wp\/v2\/users\/7"}],"replies":[{"embeddable":true,"href":"https:\/\/www.scheer-group.com\/de\/wp-json\/wp\/v2\/comments?post=22632"}],"version-history":[{"count":28,"href":"https:\/\/www.scheer-group.com\/de\/wp-json\/wp\/v2\/pages\/22632\/revisions"}],"predecessor-version":[{"id":23150,"href":"https:\/\/www.scheer-group.com\/de\/wp-json\/wp\/v2\/pages\/22632\/revisions\/23150"}],"wp:featuredmedia":[{"embeddable":true,"href":"https:\/\/www.scheer-group.com\/de\/wp-json\/wp\/v2\/media\/22989"}],"wp:attachment":[{"href":"https:\/\/www.scheer-group.com\/de\/wp-json\/wp\/v2\/media?parent=22632"}],"curies":[{"name":"wp","href":"https:\/\/api.w.org\/{rel}","templated":true}]}}