{"id":22588,"date":"2025-06-25T14:34:38","date_gmt":"2025-06-25T12:34:38","guid":{"rendered":"https:\/\/www.scheer-group.com\/de\/?page_id=22588"},"modified":"2025-10-14T11:29:16","modified_gmt":"2025-10-14T09:29:16","slug":"scheerdigital25-tickets","status":"publish","type":"page","link":"https:\/\/www.scheer-group.com\/de\/scheerdigital25-tickets\/","title":{"rendered":"Scheer Digital 25 Tickets"},"content":{"rendered":"<div id=\"pl-22588\"  class=\"panel-layout\" ><div id=\"pg-22588-0\"  class=\"panel-grid panel-no-style\"  style=\"--mobile-padding:;\" ><div id=\"pgc-22588-0-0\"  class=\"panel-grid-cell\" ><div id=\"panel-22588-0-0-0\" class=\"so-panel widget widget_zrm-editor panel-first-child panel-last-child\" data-index=\"0\" ><div\n\t\t\t\n\t\t\tclass=\"so-widget-zrm-editor so-widget-zrm-editor-default-d75171398898-22588\"\n\t\t\t\n\t\t><div class=\"widget widget--editor widget--show xs\">\n\t<p>&nbsp;<\/p>\n<p>&nbsp;<\/p>\n<\/div><\/div><\/div><\/div><\/div><div id=\"pg-22588-1\"  class=\"panel-grid panel-no-style\"  style=\"--mobile-padding:;\" ><div id=\"pgc-22588-1-0\"  class=\"panel-grid-cell panel-grid-cell-empty\" ><\/div><div id=\"pgc-22588-1-1\"  class=\"panel-grid-cell panel-grid-cell-mobile-last\" ><div id=\"panel-22588-1-1-0\" class=\"so-panel widget widget_zrm-headline panel-first-child\" data-index=\"1\" ><div\n\t\t\t\n\t\t\tclass=\"so-widget-zrm-headline so-widget-zrm-headline-default-d75171398898-22588\"\n\t\t\t\n\t\t><div class=\"widget widget--headline widget--left widget--show sm  \">\n\t<div class=\"preline\"><\/div>\n\t<h1 class=\"headline h1\">Konferenzticket Scheer Digital 25<\/h1>\t<div class=\"subline\"><\/div>\n<\/div>\n<\/div><\/div><div id=\"panel-22588-1-1-1\" class=\"so-panel widget widget_zrm-editor\" data-index=\"2\" ><div\n\t\t\t\n\t\t\tclass=\"so-widget-zrm-editor so-widget-zrm-editor-default-d75171398898-22588\"\n\t\t\t\n\t\t><div class=\"widget widget--editor widget--show xs\">\n\t<p>18. November 2025<\/p>\n<p>Pyramide Mainz<\/p>\n<p>Nikolaus-Kopernikus-Stra\u00dfe 17, 55129 Mainz<\/p>\n<p>Einlass und Check-In: 9:30 - 10:00 Uhr<\/p>\n<p>&nbsp;<\/p>\n<p>&nbsp;<\/p>\n<p>&nbsp;<\/p>\n<p>&nbsp;<\/p>\n<p>Sichern Sie sich rechtzeitig Ihren Platz und profitieren Sie von einem einzigartigen Erlebnis. Nutzen Sie die Gelegenheit des Early-Bird-Tickets zum Vorzugspreis oder w\u00e4hlen Sie das Standard-Ticket, falls Sie sich sp\u00e4ter entscheiden m\u00f6chten.<\/p>\n<p>&nbsp;<\/p>\n<h2>Early Bird Ticket<\/h2>\n<p>bis zum 30.09.2025 f\u00fcr je 45,00 \u20ac<\/p>\n<p>&nbsp;<\/p>\n<h2>Standard Ticket<\/h2>\n<p>ab dem 1.10.2025 f\u00fcr je 90,00 \u20ac (abh\u00e4ngig von der Verf\u00fcgbarkeit)<\/p>\n<\/div><\/div><\/div><div id=\"panel-22588-1-1-2\" class=\"so-panel widget widget_zrm-editor panel-last-child\" data-index=\"3\" ><div\n\t\t\t\n\t\t\tclass=\"so-widget-zrm-editor so-widget-zrm-editor-default-d75171398898-22588\"\n\t\t\t\n\t\t><div class=\"widget widget--editor widget--show xs\">\n\t<p>Sichern Sie sich Ihr Ticket f\u00fcr die Scheer Digital 2025. Jedes Ticket beinhaltet<\/p>\n<ul>\n<li>Zugang zu allen Konferenzb\u00fchnen<\/li>\n<li>Kaffeepausen (Kaffee, Getr\u00e4nke &amp; Snacks)<\/li>\n<li>Zugang zum Networking Event<\/li>\n<li>Exkl. Hotel\u00fcbernachtung<\/li>\n<\/ul>\n<p>&nbsp;<\/p>\n<p>&nbsp;<\/p>\n<p>&nbsp;<\/p>\n<\/div><\/div><\/div><\/div><div id=\"pgc-22588-1-2\"  class=\"panel-grid-cell panel-grid-cell-empty\" ><\/div><\/div><div id=\"pg-22588-2\"  class=\"panel-grid panel-no-style\"  style=\"--mobile-padding:;\" ><div id=\"pgc-22588-2-0\"  class=\"panel-grid-cell\" ><div id=\"panel-22588-2-0-0\" class=\"so-panel widget widget_zrm-pretix panel-first-child panel-last-child\" data-index=\"4\" ><div\n\t\t\t\n\t\t\tclass=\"so-widget-zrm-pretix so-widget-zrm-pretix-default-d75171398898-22588\"\n\t\t\t\n\t\t>\n    <div class=\"widget widget--update widget--pretix_update widget--show\" style=\"--margins-desktop:0px 0px 120px 0px;--margins-mobile:0px 0px 60px 0px;\">\n\n        <link rel=\"stylesheet\" type=\"text\/css\" href=\"https:\/\/pretix.eu\/scheer-group\/scheerdigital\/widget\/v2.css\" crossorigin>\n        <script type=\"text\/javascript\" src=\"https:\/\/pretix.eu\/widget\/v2.de.js\" async crossorigin><\/script>\n\n        <pretix-widget event=\"https:\/\/pretix.eu\/scheer-group\/scheerdigital\/\"><\/pretix-widget>\n        <noscript>\n           <div class=\"pretix-widget\">\n                <div class=\"pretix-widget-info-message\">\n                    JavaScript ist in Ihrem Browser deaktiviert. Um unseren Ticketshop ohne JavaScript aufzurufen, klicken Sie bitte <a target=\"_blank\" rel=\"noopener\" href=\"https:\/\/pretix.eu\/scheer-group\/scheerdigital\/\">hier<\/a>.\n                <\/div>\n            <\/div>\n        <\/noscript>\n\n    <\/div>\n\n<\/div><\/div><\/div><\/div><div id=\"pg-22588-3\"  class=\"panel-grid panel-no-style\"  style=\"--mobile-padding:;\" ><div id=\"pgc-22588-3-0\"  class=\"panel-grid-cell\" ><div id=\"panel-22588-3-0-0\" class=\"so-panel widget widget_zrm-separator panel-first-child panel-last-child\" data-index=\"5\" ><div\n\t\t\t\n\t\t\tclass=\"so-widget-zrm-separator so-widget-zrm-separator-default-d75171398898-22588\"\n\t\t\t\n\t\t><div class=\"widget widget--separator widget--show lg\">\n\t<div class=\"separator\">\n\t\t<div class=\"separator__line\"><\/div>\n\t\t<span class=\"separator__text\">KONTAKT<\/span>\t\t<div class=\"separator__line\"><\/div>\n\t<\/div>\n<\/div><\/div><\/div><\/div><\/div><div id=\"pg-22588-4\"  class=\"panel-grid panel-no-style\"  style=\"--mobile-padding:;\" ><div id=\"pgc-22588-4-0\"  class=\"panel-grid-cell panel-grid-cell-empty\" ><\/div><div id=\"pgc-22588-4-1\"  class=\"panel-grid-cell panel-grid-cell-mobile-last\" ><div id=\"panel-22588-4-1-0\" class=\"so-panel widget widget_zrm-editor panel-first-child panel-last-child\" data-index=\"6\" ><div\n\t\t\t\n\t\t\tclass=\"so-widget-zrm-editor so-widget-zrm-editor-default-d75171398898-22588\"\n\t\t\t\n\t\t><div class=\"widget widget--editor widget--show xs\">\n\t<p style=\"text-align: center\">Sollten Sie Probleme mit dem Ticketshop haben oder dem Einl\u00f6sen Ihres Gutschein Codes, kontaktieren Sie uns gerne.<\/p>\n<p>&nbsp;<\/p>\n<p>&nbsp;<\/p>\n<p>&nbsp;<\/p>\n<\/div><\/div><\/div><\/div><div id=\"pgc-22588-4-2\"  class=\"panel-grid-cell panel-grid-cell-empty\" ><\/div><\/div><div id=\"pg-22588-5\"  class=\"panel-grid panel-no-style\"  style=\"--mobile-padding:;\" ><div id=\"pgc-22588-5-0\"  class=\"panel-grid-cell panel-grid-cell-empty\" ><\/div><div id=\"pgc-22588-5-1\"  class=\"panel-grid-cell\" ><div id=\"panel-22588-5-1-0\" class=\"so-panel widget widget_zrm-image panel-first-child panel-last-child\" data-index=\"7\" ><div\n\t\t\t\n\t\t\tclass=\"so-widget-zrm-image so-widget-zrm-image-default-d75171398898-22588\"\n\t\t\t\n\t\t>\n<div class=\"widget widget--image  widget--left widget--show lg\">\n\t<div class=\"image__file normalsize noshadow\"><img decoding=\"async\" width=\"600\" height=\"600\" src=\"https:\/\/www.scheer-group.com\/de\/wp-content\/uploads\/sites\/8\/2025\/08\/Florian-Sauer-rund.jpg\" class=\"attachment-full size-full\" alt=\"\" srcset=\"https:\/\/www.scheer-group.com\/de\/wp-content\/uploads\/sites\/8\/2025\/08\/Florian-Sauer-rund.jpg 600w, https:\/\/www.scheer-group.com\/de\/wp-content\/uploads\/sites\/8\/2025\/08\/Florian-Sauer-rund-300x300.jpg 300w, https:\/\/www.scheer-group.com\/de\/wp-content\/uploads\/sites\/8\/2025\/08\/Florian-Sauer-rund-150x150.jpg 150w\" sizes=\"(max-width: 600px) 100vw, 600px\" \/><\/div>\n\t<\/div><\/div><\/div><\/div><div id=\"pgc-22588-5-2\"  class=\"panel-grid-cell panel-grid-cell-mobile-last\" ><div id=\"panel-22588-5-2-0\" class=\"so-panel widget widget_zrm-editor panel-first-child panel-last-child\" data-index=\"8\" ><div\n\t\t\t\n\t\t\tclass=\"so-widget-zrm-editor so-widget-zrm-editor-default-d75171398898-22588\"\n\t\t\t\n\t\t><div class=\"widget widget--editor widget--show lg\">\n\t<p>&nbsp;<\/p>\n<p>&nbsp;<\/p>\n<p><strong>Florian Sauer<\/strong><\/p>\n<p>Event Management<\/p>\n<p>&nbsp;<\/p>\n<p>Florian.Sauer@aws-institut.de<\/p>\n<p>+49\u00a0<span data-teams=\"true\">174 7738 304<\/span><\/p>\n<p>&nbsp;<\/p>\n<p>&nbsp;<\/p>\n<\/div><\/div><\/div><\/div><div id=\"pgc-22588-5-3\"  class=\"panel-grid-cell panel-grid-cell-empty\" ><\/div><\/div><div id=\"pg-22588-6\"  class=\"panel-grid panel-no-style\"  style=\"--mobile-padding:;\" ><div id=\"pgc-22588-6-0\"  class=\"panel-grid-cell panel-grid-cell-empty\" ><\/div><div id=\"pgc-22588-6-1\"  class=\"panel-grid-cell panel-grid-cell-mobile-last\" ><div id=\"panel-22588-6-1-0\" class=\"so-panel widget widget_zrm-up-buttons panel-first-child panel-last-child\" data-index=\"9\" ><div\n\t\t\t\n\t\t\tclass=\"so-widget-zrm-up-buttons so-widget-zrm-up-buttons-default-d75171398898-22588\"\n\t\t\t\n\t\t>\n    <div class=\"widget widget--update widget--buttons_update widget--show\" style=\"--margins-desktop:0px 0px 120px 0px;--margins-mobile:0px 0px 60px 0px;\">\n        <div class=\"buttons\" data-align=\"center\">\n                                <a href=\"https:\/\/www.scheer-group.com\/de\/scheerdigital25\/\" title=\"Zur\u00fcck zu Scheer Digital 25\" target=\"_self\" class=\"button button--update button--red button--normal button--solid\">\n                        Zur\u00fcck zu Scheer Digital 25                    <\/a>\n                            <\/div>\n    <\/div>\n\n<\/div><\/div><\/div><div id=\"pgc-22588-6-2\"  class=\"panel-grid-cell panel-grid-cell-empty\" ><\/div><\/div><\/div>","protected":false},"excerpt":{"rendered":"<p>&nbsp; &nbsp; Konferenzticket Scheer Digital 25 18. November 2025 Pyramide Mainz Nikolaus-Kopernikus-Stra\u00dfe 17, 55129 Mainz Einlass und Check-In: 9:30 &#8211; 10:00 Uhr &nbsp; &nbsp; &nbsp; &nbsp; Sichern Sie sich rechtzeitig Ihren Platz und profitieren Sie von einem einzigartigen Erlebnis. Nutzen Sie die Gelegenheit des Early-Bird-Tickets zum Vorzugspreis oder w\u00e4hlen Sie das Standard-Ticket, falls Sie sich [&hellip;]<\/p>\n","protected":false},"author":7,"featured_media":22989,"parent":0,"menu_order":0,"comment_status":"closed","ping_status":"closed","template":"","meta":{"_acf_changed":false,"content-type":"","footnotes":""},"class_list":["post-22588","page","type-page","status-publish","has-post-thumbnail","hentry"],"acf":[],"yoast_head":"<!-- This site is optimized with the Yoast SEO plugin v23.1 - https:\/\/yoast.com\/wordpress\/plugins\/seo\/ -->\n<title>Tickets | Scheer Digital 25<\/title>\n<meta name=\"description\" content=\"Sichern Sie sich rechtzeitig Ihren Platz auf der Scheer Digital 25. Jetzt Ticket zum Early-Bird Preis verf\u00fcgbar\" \/>\n<meta name=\"robots\" content=\"index, follow, max-snippet:-1, max-image-preview:large, max-video-preview:-1\" \/>\n<link rel=\"canonical\" href=\"https:\/\/www.scheer-group.com\/de\/scheerdigital25-tickets\/\" \/>\n<meta property=\"og:locale\" content=\"de_DE\" \/>\n<meta property=\"og:type\" content=\"article\" \/>\n<meta property=\"og:title\" content=\"Tickets | Scheer Digital 25\" \/>\n<meta property=\"og:description\" content=\"Sichern Sie sich rechtzeitig Ihren Platz auf der Scheer Digital 25. Jetzt Ticket zum Early-Bird Preis verf\u00fcgbar\" \/>\n<meta property=\"og:url\" content=\"https:\/\/www.scheer-group.com\/de\/scheerdigital25-tickets\/\" \/>\n<meta property=\"og:site_name\" content=\"Scheer Gruppe\" \/>\n<meta property=\"article:publisher\" content=\"https:\/\/www.facebook.com\/imcLearning\" \/>\n<meta property=\"article:modified_time\" content=\"2025-10-14T09:29:16+00:00\" \/>\n<meta property=\"og:image\" content=\"https:\/\/www.scheer-group.com\/de\/wp-content\/uploads\/sites\/8\/2025\/09\/2025-09-Visual-Beitragsbild.jpg\" \/>\n\t<meta property=\"og:image:width\" content=\"1920\" \/>\n\t<meta property=\"og:image:height\" content=\"938\" \/>\n\t<meta property=\"og:image:type\" content=\"image\/jpeg\" \/>\n<meta name=\"twitter:card\" content=\"summary_large_image\" \/>\n<meta name=\"twitter:site\" content=\"@imc_learning\" \/>\n<meta name=\"twitter:label1\" content=\"Gesch\u00e4tzte Lesezeit\" \/>\n\t<meta name=\"twitter:data1\" content=\"2\u00a0Minuten\" \/>\n<script type=\"application\/ld+json\" class=\"yoast-schema-graph\">{\"@context\":\"https:\/\/schema.org\",\"@graph\":[{\"@type\":\"WebPage\",\"@id\":\"https:\/\/www.scheer-group.com\/de\/scheerdigital25-tickets\/\",\"url\":\"https:\/\/www.scheer-group.com\/de\/scheerdigital25-tickets\/\",\"name\":\"Tickets | Scheer Digital 25\",\"isPartOf\":{\"@id\":\"https:\/\/www.scheer-group.com\/de\/#website\"},\"primaryImageOfPage\":{\"@id\":\"https:\/\/www.scheer-group.com\/de\/scheerdigital25-tickets\/#primaryimage\"},\"image\":{\"@id\":\"https:\/\/www.scheer-group.com\/de\/scheerdigital25-tickets\/#primaryimage\"},\"thumbnailUrl\":\"https:\/\/www.scheer-group.com\/de\/wp-content\/uploads\/sites\/8\/2025\/09\/2025-09-Visual-Beitragsbild.jpg\",\"datePublished\":\"2025-06-25T12:34:38+00:00\",\"dateModified\":\"2025-10-14T09:29:16+00:00\",\"description\":\"Sichern Sie sich rechtzeitig Ihren Platz auf der Scheer Digital 25. Jetzt Ticket zum Early-Bird Preis verf\u00fcgbar\",\"breadcrumb\":{\"@id\":\"https:\/\/www.scheer-group.com\/de\/scheerdigital25-tickets\/#breadcrumb\"},\"inLanguage\":\"de\",\"potentialAction\":[{\"@type\":\"ReadAction\",\"target\":[\"https:\/\/www.scheer-group.com\/de\/scheerdigital25-tickets\/\"]}]},{\"@type\":\"ImageObject\",\"inLanguage\":\"de\",\"@id\":\"https:\/\/www.scheer-group.com\/de\/scheerdigital25-tickets\/#primaryimage\",\"url\":\"https:\/\/www.scheer-group.com\/de\/wp-content\/uploads\/sites\/8\/2025\/09\/2025-09-Visual-Beitragsbild.jpg\",\"contentUrl\":\"https:\/\/www.scheer-group.com\/de\/wp-content\/uploads\/sites\/8\/2025\/09\/2025-09-Visual-Beitragsbild.jpg\",\"width\":1920,\"height\":938},{\"@type\":\"BreadcrumbList\",\"@id\":\"https:\/\/www.scheer-group.com\/de\/scheerdigital25-tickets\/#breadcrumb\",\"itemListElement\":[{\"@type\":\"ListItem\",\"position\":1,\"name\":\"Startseite\",\"item\":\"https:\/\/www.scheer-group.com\/de\/\"},{\"@type\":\"ListItem\",\"position\":2,\"name\":\"Scheer Digital 25 Tickets\"}]},{\"@type\":\"WebSite\",\"@id\":\"https:\/\/www.scheer-group.com\/de\/#website\",\"url\":\"https:\/\/www.scheer-group.com\/de\/\",\"name\":\"Scheer Gruppe\",\"description\":\"\",\"potentialAction\":[{\"@type\":\"SearchAction\",\"target\":{\"@type\":\"EntryPoint\",\"urlTemplate\":\"https:\/\/www.scheer-group.com\/de\/?s={search_term_string}\"},\"query-input\":\"required name=search_term_string\"}],\"inLanguage\":\"de\"}]}<\/script>\n<!-- \/ Yoast SEO plugin. -->","yoast_head_json":{"title":"Tickets | Scheer Digital 25","description":"Sichern Sie sich rechtzeitig Ihren Platz auf der Scheer Digital 25. Jetzt Ticket zum Early-Bird Preis verf\u00fcgbar","robots":{"index":"index","follow":"follow","max-snippet":"max-snippet:-1","max-image-preview":"max-image-preview:large","max-video-preview":"max-video-preview:-1"},"canonical":"https:\/\/www.scheer-group.com\/de\/scheerdigital25-tickets\/","og_locale":"de_DE","og_type":"article","og_title":"Tickets | Scheer Digital 25","og_description":"Sichern Sie sich rechtzeitig Ihren Platz auf der Scheer Digital 25. Jetzt Ticket zum Early-Bird Preis verf\u00fcgbar","og_url":"https:\/\/www.scheer-group.com\/de\/scheerdigital25-tickets\/","og_site_name":"Scheer Gruppe","article_publisher":"https:\/\/www.facebook.com\/imcLearning","article_modified_time":"2025-10-14T09:29:16+00:00","og_image":[{"width":1920,"height":938,"url":"https:\/\/www.scheer-group.com\/de\/wp-content\/uploads\/sites\/8\/2025\/09\/2025-09-Visual-Beitragsbild.jpg","type":"image\/jpeg"}],"twitter_card":"summary_large_image","twitter_site":"@imc_learning","twitter_misc":{"Gesch\u00e4tzte Lesezeit":"2\u00a0Minuten"},"schema":{"@context":"https:\/\/schema.org","@graph":[{"@type":"WebPage","@id":"https:\/\/www.scheer-group.com\/de\/scheerdigital25-tickets\/","url":"https:\/\/www.scheer-group.com\/de\/scheerdigital25-tickets\/","name":"Tickets | Scheer Digital 25","isPartOf":{"@id":"https:\/\/www.scheer-group.com\/de\/#website"},"primaryImageOfPage":{"@id":"https:\/\/www.scheer-group.com\/de\/scheerdigital25-tickets\/#primaryimage"},"image":{"@id":"https:\/\/www.scheer-group.com\/de\/scheerdigital25-tickets\/#primaryimage"},"thumbnailUrl":"https:\/\/www.scheer-group.com\/de\/wp-content\/uploads\/sites\/8\/2025\/09\/2025-09-Visual-Beitragsbild.jpg","datePublished":"2025-06-25T12:34:38+00:00","dateModified":"2025-10-14T09:29:16+00:00","description":"Sichern Sie sich rechtzeitig Ihren Platz auf der Scheer Digital 25. Jetzt Ticket zum Early-Bird Preis verf\u00fcgbar","breadcrumb":{"@id":"https:\/\/www.scheer-group.com\/de\/scheerdigital25-tickets\/#breadcrumb"},"inLanguage":"de","potentialAction":[{"@type":"ReadAction","target":["https:\/\/www.scheer-group.com\/de\/scheerdigital25-tickets\/"]}]},{"@type":"ImageObject","inLanguage":"de","@id":"https:\/\/www.scheer-group.com\/de\/scheerdigital25-tickets\/#primaryimage","url":"https:\/\/www.scheer-group.com\/de\/wp-content\/uploads\/sites\/8\/2025\/09\/2025-09-Visual-Beitragsbild.jpg","contentUrl":"https:\/\/www.scheer-group.com\/de\/wp-content\/uploads\/sites\/8\/2025\/09\/2025-09-Visual-Beitragsbild.jpg","width":1920,"height":938},{"@type":"BreadcrumbList","@id":"https:\/\/www.scheer-group.com\/de\/scheerdigital25-tickets\/#breadcrumb","itemListElement":[{"@type":"ListItem","position":1,"name":"Startseite","item":"https:\/\/www.scheer-group.com\/de\/"},{"@type":"ListItem","position":2,"name":"Scheer Digital 25 Tickets"}]},{"@type":"WebSite","@id":"https:\/\/www.scheer-group.com\/de\/#website","url":"https:\/\/www.scheer-group.com\/de\/","name":"Scheer Gruppe","description":"","potentialAction":[{"@type":"SearchAction","target":{"@type":"EntryPoint","urlTemplate":"https:\/\/www.scheer-group.com\/de\/?s={search_term_string}"},"query-input":"required name=search_term_string"}],"inLanguage":"de"}]}},"_links":{"self":[{"href":"https:\/\/www.scheer-group.com\/de\/wp-json\/wp\/v2\/pages\/22588"}],"collection":[{"href":"https:\/\/www.scheer-group.com\/de\/wp-json\/wp\/v2\/pages"}],"about":[{"href":"https:\/\/www.scheer-group.com\/de\/wp-json\/wp\/v2\/types\/page"}],"author":[{"embeddable":true,"href":"https:\/\/www.scheer-group.com\/de\/wp-json\/wp\/v2\/users\/7"}],"replies":[{"embeddable":true,"href":"https:\/\/www.scheer-group.com\/de\/wp-json\/wp\/v2\/comments?post=22588"}],"version-history":[{"count":51,"href":"https:\/\/www.scheer-group.com\/de\/wp-json\/wp\/v2\/pages\/22588\/revisions"}],"predecessor-version":[{"id":23432,"href":"https:\/\/www.scheer-group.com\/de\/wp-json\/wp\/v2\/pages\/22588\/revisions\/23432"}],"wp:featuredmedia":[{"embeddable":true,"href":"https:\/\/www.scheer-group.com\/de\/wp-json\/wp\/v2\/media\/22989"}],"wp:attachment":[{"href":"https:\/\/www.scheer-group.com\/de\/wp-json\/wp\/v2\/media?parent=22588"}],"curies":[{"name":"wp","href":"https:\/\/api.w.org\/{rel}","templated":true}]}}