{"id":22182,"date":"2025-02-27T16:38:15","date_gmt":"2025-02-27T15:38:15","guid":{"rendered":"https:\/\/www.scheer-group.com\/de\/?page_id=22182"},"modified":"2025-03-03T18:36:16","modified_gmt":"2025-03-03T17:36:16","slug":"presse","status":"publish","type":"page","link":"https:\/\/www.scheer-group.com\/de\/presse\/","title":{"rendered":"Presse"},"content":{"rendered":"<div id=\"pl-22182\"  class=\"panel-layout\" ><div id=\"pg-22182-0\"  class=\"panel-grid panel-no-style\"  style=\"--mobile-padding:;\" ><div id=\"pgc-22182-0-0\"  class=\"panel-grid-cell\" ><div id=\"panel-22182-0-0-0\" class=\"so-panel widget widget_zrm-up-copy panel-first-child\" data-index=\"0\" ><div\n\t\t\t\n\t\t\tclass=\"so-widget-zrm-up-copy so-widget-zrm-up-copy-default-d75171398898-22182\"\n\t\t\t\n\t\t>\n    <div class=\"widget widget--update widget--copy_update widget--show\" style=\"--margins-desktop:0px 0px 120px 0px;--margins-mobile:0px 0px 60px 0px;\">\n        <div class=\"copy text_large_update\"><\/div>\n    <\/div>\n\n<\/div><\/div><div id=\"panel-22182-0-0-1\" class=\"so-panel widget widget_zrm-image panel-last-child\" data-index=\"1\" ><div\n\t\t\t\n\t\t\tclass=\"so-widget-zrm-image so-widget-zrm-image-default-d75171398898-22182\"\n\t\t\t\n\t\t>\n<div class=\"widget widget--image  widget--left widget--show lg\">\n\t<div class=\"image__file fullsize shadow\"><img decoding=\"async\" width=\"2048\" height=\"384\" src=\"https:\/\/www.scheer-group.com\/de\/wp-content\/uploads\/sites\/8\/2025\/02\/Scheer_Image-800x450px_header_4-2048x384-1.jpg\" class=\"attachment-full size-full\" alt=\"\" srcset=\"https:\/\/www.scheer-group.com\/de\/wp-content\/uploads\/sites\/8\/2025\/02\/Scheer_Image-800x450px_header_4-2048x384-1.jpg 2048w, https:\/\/www.scheer-group.com\/de\/wp-content\/uploads\/sites\/8\/2025\/02\/Scheer_Image-800x450px_header_4-2048x384-1-300x56.jpg 300w, https:\/\/www.scheer-group.com\/de\/wp-content\/uploads\/sites\/8\/2025\/02\/Scheer_Image-800x450px_header_4-2048x384-1-1024x192.jpg 1024w, https:\/\/www.scheer-group.com\/de\/wp-content\/uploads\/sites\/8\/2025\/02\/Scheer_Image-800x450px_header_4-2048x384-1-768x144.jpg 768w, https:\/\/www.scheer-group.com\/de\/wp-content\/uploads\/sites\/8\/2025\/02\/Scheer_Image-800x450px_header_4-2048x384-1-1536x288.jpg 1536w\" sizes=\"(max-width: 2048px) 100vw, 2048px\" \/><\/div>\n\t<\/div><\/div><\/div><\/div><\/div><div id=\"pg-22182-1\"  class=\"panel-grid panel-no-style\"  style=\"--mobile-padding:;\" ><div id=\"pgc-22182-1-0\"  class=\"panel-grid-cell panel-grid-cell-empty\" ><\/div><div id=\"pgc-22182-1-1\"  class=\"panel-grid-cell\" ><div id=\"panel-22182-1-1-0\" class=\"so-panel widget widget_zrm-headline panel-first-child panel-last-child\" data-index=\"2\" ><div\n\t\t\t\n\t\t\tclass=\"so-widget-zrm-headline so-widget-zrm-headline-default-d75171398898-22182\"\n\t\t\t\n\t\t><div class=\"widget widget--headline widget--left widget--show xl  \">\n\t<div class=\"preline\"><\/div>\n\t<h1 class=\"headline h1\">Bleiben Sie informiert mit den aktuellen Pressemitteilungen der Scheer Gruppe <\/h1>\t<div class=\"subline\"><\/div>\n<\/div>\n<\/div><\/div><\/div><div id=\"pgc-22182-1-2\"  class=\"panel-grid-cell panel-grid-cell-empty\" ><\/div><div id=\"pgc-22182-1-3\"  class=\"panel-grid-cell panel-grid-cell-mobile-last\" ><div id=\"panel-22182-1-3-0\" class=\"so-panel widget widget_zrm-up-copy panel-first-child panel-last-child\" data-index=\"3\" ><div\n\t\t\t\n\t\t\tclass=\"so-widget-zrm-up-copy so-widget-zrm-up-copy-default-d75171398898-22182\"\n\t\t\t\n\t\t>\n    <div class=\"widget widget--update widget--copy_update widget--show\" style=\"--margins-desktop:0px 0px 200px 0px;--margins-mobile:0px 0px 200px 0px;\">\n        <div class=\"copy text_large_update\"><p><span data-contrast=\"none\">Hier finden Sie alle Pressemitteilungen und Pressemappen der Scheer Gruppe an einem Ort. Filtern Sie nach Thema, Unternehmen, Pressesparte oder Jahr, um genau das zu finden, was Sie brauchen. Wenn Sie Fragen haben oder die gew\u00fcnschten Informationen nicht finden k\u00f6nnen, steht Ihnen unser Presseteam gerne zur Verf\u00fcgung.<\/span><span data-ccp-props=\"{}\">\u00a0<\/span><\/p>\n<p><span data-ccp-props=\"{}\">\u00a0<\/span><\/p>\n<\/div>\n    <\/div>\n\n<\/div><\/div><\/div><div id=\"pgc-22182-1-4\"  class=\"panel-grid-cell panel-grid-cell-empty\" ><\/div><\/div><div id=\"pg-22182-2\"  class=\"panel-grid panel-no-style\"  style=\"--mobile-padding:;\" ><div id=\"pgc-22182-2-0\"  class=\"panel-grid-cell panel-grid-cell-empty\" ><\/div><div id=\"pgc-22182-2-1\"  class=\"panel-grid-cell panel-grid-cell-empty panel-grid-cell-mobile-last\" ><\/div><div id=\"pgc-22182-2-2\"  class=\"panel-grid-cell panel-grid-cell-empty\" ><\/div><\/div><div id=\"pg-22182-3\"  class=\"panel-grid panel-no-style\"  style=\"--mobile-padding:;\" ><div id=\"pgc-22182-3-0\"  class=\"panel-grid-cell panel-grid-cell-empty\" ><\/div><div id=\"pgc-22182-3-1\"  class=\"panel-grid-cell panel-grid-cell-mobile-last\" ><div\n\t\t\t\n\t\t\tclass=\"so-widget-zrm-list so-widget-zrm-list-default-d75171398898-22182\"\n\t\t\t\n\t\t><div class=\"widget widget--list lg widget--show\">\n\n\t\n\t<div class=\"filters\">\n\t\t\t\t\t\t\t\t\t\t\t<div class=\"filter-wrapper\">\n\t\t\t\t\t\t<label class=\"h5\">Kategorie<\/label>\n\t\t\t\t\t\t<select class=\"filter\" data-tax=\"taxonomy_of_category_press\" data-paged=\"1\">\n\t\t\t\t\t\t\t<option value=\"\">Alle anzeigen<\/option>\n\t\t\t\t\t\t\t\t\t\t\t\t\t\t\t\t\t\t\t\t\t\t\t<option  value=\"corporate\">Corporate<\/option>\n\t\t\t\t\t\t\t\t\t\t\t\t\t\t\t\t\t\t\t\t\t\t\t<option  value=\"lokal\">Lokal<\/option>\n\t\t\t\t\t\t\t\t\t\t\t\t\t<\/select>\n\t\t\t\t\t<\/div>\n\t\t\t\t\t\t\t\t\t\t\t\t\t\t\t\t\t<div class=\"filter-wrapper\">\n\t\t\t\t\t\t<label class=\"h5\">Themen<\/label>\n\t\t\t\t\t\t<select class=\"filter\" data-tax=\"taxonomy_of_topic_press\" data-paged=\"1\">\n\t\t\t\t\t\t\t<option value=\"\">Alle anzeigen<\/option>\n\t\t\t\t\t\t\t\t\t\t\t\t\t\t\t\t\t\t\t\t\t\t\t<option  value=\"corporate-development\">Corporate Development<\/option>\n\t\t\t\t\t\t\t\t\t\t\t\t\t\t\t\t\t\t\t\t\t\t\t<option  value=\"forschung-innovation\">Forschung &amp; Innovation<\/option>\n\t\t\t\t\t\t\t\t\t\t\t\t\t\t\t\t\t\t\t\t\t\t\t<option  value=\"nachhaltigkeit-engagement\">Nachhaltigkeit &amp; Engagement<\/option>\n\t\t\t\t\t\t\t\t\t\t\t\t\t\t\t\t\t\t\t\t\t\t\t<option  value=\"personal-soziales\">Personal &amp; Soziales<\/option>\n\t\t\t\t\t\t\t\t\t\t\t\t\t\t\t\t\t\t\t\t\t\t\t<option  value=\"technologie-produkte\">Technologie &amp; Produkte<\/option>\n\t\t\t\t\t\t\t\t\t\t\t\t\t<\/select>\n\t\t\t\t\t<\/div>\n\t\t\t\t\t\t\t\t\t<\/div>\n\t\t\t\t\t<ul class=\"results\" data-posttype=\"post_type_press\" data-ppp=\"4\">\n\t\t\t\n<li class=\"result result--default result--post_type_press\">\n\t<div class=\"result__title h4\">Scheer Gruppe zeigt digitalen Vorsprung auf der Hannover Messe 2026<\/div>\n\t<div class=\"result__categories\">\n\t\t\t\t\t\t\t\t\t\t\t\t\t\t\t\t\t\t\t<\/div>\n\t<div class=\"result__cta\">\n\t\t<a href=\"https:\/\/www.scheer-group.com\/de\/newsroom\/pressemeldungen\/scheer-gruppe-auf-der-hannover-messe-2026\/\" target=\"_self\" class=\"button button--normal button--red\">\n\t\t\t<span class=\"button__text\">Mehr erfahren<\/span>\n\t\t<\/a>\n\t<\/div>\n<\/li>\n<li class=\"result result--default result--post_type_press\">\n\t<div class=\"result__title h4\">Scheer PAS bringt erste Agentic Process Orchestration Plattform auf den Markt<\/div>\n\t<div class=\"result__categories\">\n\t\t\t\t\t\t\t\t\t\t\t\t<div class=\"result__category\">\n\t\t\t\t\t<label class=\"result__label h6\">Kategorie<\/label>\n\t\t\t\t\t<div class=\"result__name\">Corporate<\/div>\n\t\t\t\t<\/div>\n\t\t\t\t\t\t\t\t\t\t\t\t\t\t\t<div class=\"result__category\">\n\t\t\t\t\t<label class=\"result__label h6\">Themen<\/label>\n\t\t\t\t\t<div class=\"result__name\">Technologie &amp; Produkte<\/div>\n\t\t\t\t<\/div>\n\t\t\t\t\t\t<\/div>\n\t<div class=\"result__cta\">\n\t\t<a href=\"https:\/\/www.scheer-group.com\/de\/newsroom\/pressemeldungen\/scheer-pas-bringt-erste-agentic-process-orchestration-plattform-auf-den-markt\/\" target=\"_self\" class=\"button button--normal button--red\">\n\t\t\t<span class=\"button__text\">Mehr erfahren<\/span>\n\t\t<\/a>\n\t<\/div>\n<\/li>\n<li class=\"result result--default result--post_type_press\">\n\t<div class=\"result__title h4\">Prof. Dr. August-Wilhelm Scheer erh\u00e4lt Ehrensenatorenw\u00fcrde<\/div>\n\t<div class=\"result__categories\">\n\t\t\t\t\t\t\t\t\t\t\t\t<div class=\"result__category\">\n\t\t\t\t\t<label class=\"result__label h6\">Kategorie<\/label>\n\t\t\t\t\t<div class=\"result__name\">Corporate<\/div>\n\t\t\t\t<\/div>\n\t\t\t\t\t\t\t\t\t\t\t\t\t\t\t<div class=\"result__category\">\n\t\t\t\t\t<label class=\"result__label h6\">Themen<\/label>\n\t\t\t\t\t<div class=\"result__name\">Forschung &amp; Innovation, Personal &amp; Soziales<\/div>\n\t\t\t\t<\/div>\n\t\t\t\t\t\t<\/div>\n\t<div class=\"result__cta\">\n\t\t<a href=\"https:\/\/www.scheer-group.com\/de\/newsroom\/pressemeldungen\/prof-dr-august-wilhelm-scheer-erhaelt-ehrensenatorenwuerde\/\" target=\"_self\" class=\"button button--normal button--red\">\n\t\t\t<span class=\"button__text\">Mehr erfahren<\/span>\n\t\t<\/a>\n\t<\/div>\n<\/li>\n<li class=\"result result--default result--post_type_press\">\n\t<div class=\"result__title h4\">Prof. Dr. August-Wilhelm Scheer ver\u00f6ffentlicht sein neues Buch \u201eDigitale Industrie\u201c<\/div>\n\t<div class=\"result__categories\">\n\t\t\t\t\t\t\t\t\t\t\t\t<div class=\"result__category\">\n\t\t\t\t\t<label class=\"result__label h6\">Kategorie<\/label>\n\t\t\t\t\t<div class=\"result__name\">Corporate<\/div>\n\t\t\t\t<\/div>\n\t\t\t\t\t\t\t\t\t\t\t\t\t\t\t<div class=\"result__category\">\n\t\t\t\t\t<label class=\"result__label h6\">Themen<\/label>\n\t\t\t\t\t<div class=\"result__name\">Forschung &amp; Innovation<\/div>\n\t\t\t\t<\/div>\n\t\t\t\t\t\t<\/div>\n\t<div class=\"result__cta\">\n\t\t<a href=\"https:\/\/www.scheer-group.com\/de\/newsroom\/pressemeldungen\/prof-dr-august-wilhelm-scheer-veroeffentlicht-sein-neues-buch-digitale-industrie\/\" target=\"_self\" class=\"button button--normal button--red\">\n\t\t\t<span class=\"button__text\">Mehr erfahren<\/span>\n\t\t<\/a>\n\t<\/div>\n<\/li><li>\n\t<a id=\"loadmore\" class=\"button button--normal button--black loadmore\" data-paged=\"2\">\n\t\t<span class=\"button__text\">Mehr laden<\/span>\n\t<\/a>\n<\/li>\t\t<\/ul>\n\t\n\t\t\n<\/div>\n\n<\/div><\/div><div id=\"pgc-22182-3-2\"  class=\"panel-grid-cell panel-grid-cell-empty\" ><\/div><\/div><div id=\"pg-22182-4\"  class=\"panel-grid panel-no-style\"  style=\"--mobile-padding:;\" ><div id=\"pgc-22182-4-0\"  class=\"panel-grid-cell\" ><div id=\"panel-22182-4-0-0\" class=\"so-panel widget widget_zrm-up-banner panel-first-child panel-last-child\" data-index=\"5\" ><div\n\t\t\t\n\t\t\tclass=\"so-widget-zrm-up-banner so-widget-zrm-up-banner-default-d75171398898-22182\"\n\t\t\t\n\t\t>\n    <div class=\"widget widget--update widget--banner_update widget--show\" style=\"--margins-desktop:0px 0px 120px 0px;--margins-mobile:0px 0px 60px 0px;--paddings-desktop:0px 0px 0px 0px;--paddings-mobile:0px 0px 0px 0px;\">\n        <div class=\"banner\" data-column_orientation=\"image-content\" style=\"--banner-color-background: #000000\">\n            <div class=\"banner__media banner__media--blend\">\n                <img decoding=\"async\" width=\"1600\" height=\"900\" src=\"https:\/\/www.scheer-group.com\/de\/wp-content\/uploads\/sites\/8\/2025\/02\/Scheer_Image-1600x900_21.jpg\" class=\"banner__image stretch\" alt=\"\" srcset=\"https:\/\/www.scheer-group.com\/de\/wp-content\/uploads\/sites\/8\/2025\/02\/Scheer_Image-1600x900_21.jpg 1600w, https:\/\/www.scheer-group.com\/de\/wp-content\/uploads\/sites\/8\/2025\/02\/Scheer_Image-1600x900_21-300x169.jpg 300w, https:\/\/www.scheer-group.com\/de\/wp-content\/uploads\/sites\/8\/2025\/02\/Scheer_Image-1600x900_21-1024x576.jpg 1024w, https:\/\/www.scheer-group.com\/de\/wp-content\/uploads\/sites\/8\/2025\/02\/Scheer_Image-1600x900_21-768x432.jpg 768w, https:\/\/www.scheer-group.com\/de\/wp-content\/uploads\/sites\/8\/2025\/02\/Scheer_Image-1600x900_21-1536x864.jpg 1536w\" sizes=\"(max-width: 1600px) 100vw, 1600px\" \/>            <\/div>\n            <div class=\"banner__content\" style=\"--banner-padding-desktop: 48px 48px 48px 48px; --banner-padding-mobile: ; --banner-color-text: #f2f2f2\">\n                <div class=\"banner__text\">\n                    <div class=\"banner__headline bold h3_update\">   Join the #TeamScheer conversation <\/div>\n                    <div class=\"banner__copy bold text_small_update\">Bleiben Sie mit uns in Verbindung und tauschen Sie sich mit der Scheer Gruppe auf LinkedIn aus. Werden Sie Teil unserer dynamischen Social Media Community, um die neuesten Trends zu entdecken, zu teilen und zu diskutieren.<\/div>\n                <\/div>\n                                    <div class=\"banner__buttons\">\n                                                                                                                <a href=\"https:\/\/www.linkedin.com\/company\/scheer-gruppe\/about\/\" title=\"Let's connect\" target=\"_self\" class=\"button button--update button--red button--normal button--solid\">\n                                    Let's connect                                <\/a>\n                                                                        <\/div>\n                            <\/div>\n        <\/div>\n    <\/div>\n\n<\/div><\/div><\/div><\/div><\/div>","protected":false},"excerpt":{"rendered":"<p>Bleiben Sie informiert mit den aktuellen Pressemitteilungen der Scheer Gruppe Hier finden Sie alle Pressemitteilungen und Pressemappen der Scheer Gruppe an einem Ort. Filtern Sie nach Thema, Unternehmen, Pressesparte oder Jahr, um genau das zu finden, was Sie brauchen. Wenn Sie Fragen haben oder die gew\u00fcnschten Informationen nicht finden k\u00f6nnen, steht Ihnen unser Presseteam gerne [&hellip;]<\/p>\n","protected":false},"author":68,"featured_media":22316,"parent":0,"menu_order":0,"comment_status":"closed","ping_status":"closed","template":"","meta":{"_acf_changed":false,"content-type":"","footnotes":""},"class_list":["post-22182","page","type-page","status-publish","has-post-thumbnail","hentry"],"acf":[],"yoast_head":"<!-- This site is optimized with the Yoast SEO plugin v23.1 - https:\/\/yoast.com\/wordpress\/plugins\/seo\/ -->\n<title>Presse - Scheer Gruppe<\/title>\n<meta name=\"description\" content=\"Schauen Sie sich vergangene und aktuelle Pressemitteilungen der Scheer Gruppe an und filtern Sie nach Kategorie und Thema.\" \/>\n<meta name=\"robots\" content=\"index, follow, max-snippet:-1, max-image-preview:large, max-video-preview:-1\" \/>\n<link rel=\"canonical\" href=\"https:\/\/www.scheer-group.com\/de\/presse\/\" \/>\n<meta property=\"og:locale\" content=\"de_DE\" \/>\n<meta property=\"og:type\" content=\"article\" \/>\n<meta property=\"og:title\" content=\"Presse - Scheer Gruppe\" \/>\n<meta property=\"og:description\" content=\"Schauen Sie sich vergangene und aktuelle Pressemitteilungen der Scheer Gruppe an und filtern Sie nach Kategorie und Thema.\" \/>\n<meta property=\"og:url\" content=\"https:\/\/www.scheer-group.com\/de\/presse\/\" \/>\n<meta property=\"og:site_name\" content=\"Scheer Gruppe\" \/>\n<meta property=\"article:publisher\" content=\"https:\/\/www.facebook.com\/imcLearning\" \/>\n<meta property=\"article:modified_time\" content=\"2025-03-03T17:36:16+00:00\" \/>\n<meta property=\"og:image\" content=\"https:\/\/www.scheer-group.com\/de\/wp-content\/uploads\/sites\/8\/2025\/02\/Scheer_Image-1600x900_22.jpg\" \/>\n\t<meta property=\"og:image:width\" content=\"1600\" \/>\n\t<meta property=\"og:image:height\" content=\"900\" \/>\n\t<meta property=\"og:image:type\" content=\"image\/jpeg\" \/>\n<meta name=\"twitter:card\" content=\"summary_large_image\" \/>\n<meta name=\"twitter:site\" content=\"@imc_learning\" \/>\n<meta name=\"twitter:label1\" content=\"Gesch\u00e4tzte Lesezeit\" \/>\n\t<meta name=\"twitter:data1\" content=\"2\u00a0Minuten\" \/>\n<script type=\"application\/ld+json\" class=\"yoast-schema-graph\">{\"@context\":\"https:\/\/schema.org\",\"@graph\":[{\"@type\":\"WebPage\",\"@id\":\"https:\/\/www.scheer-group.com\/de\/presse\/\",\"url\":\"https:\/\/www.scheer-group.com\/de\/presse\/\",\"name\":\"Presse - Scheer Gruppe\",\"isPartOf\":{\"@id\":\"https:\/\/www.scheer-group.com\/de\/#website\"},\"primaryImageOfPage\":{\"@id\":\"https:\/\/www.scheer-group.com\/de\/presse\/#primaryimage\"},\"image\":{\"@id\":\"https:\/\/www.scheer-group.com\/de\/presse\/#primaryimage\"},\"thumbnailUrl\":\"https:\/\/www.scheer-group.com\/de\/wp-content\/uploads\/sites\/8\/2025\/02\/Scheer_Image-1600x900_22.jpg\",\"datePublished\":\"2025-02-27T15:38:15+00:00\",\"dateModified\":\"2025-03-03T17:36:16+00:00\",\"description\":\"Schauen Sie sich vergangene und aktuelle Pressemitteilungen der Scheer Gruppe an und filtern Sie nach Kategorie und Thema.\",\"breadcrumb\":{\"@id\":\"https:\/\/www.scheer-group.com\/de\/presse\/#breadcrumb\"},\"inLanguage\":\"de\",\"potentialAction\":[{\"@type\":\"ReadAction\",\"target\":[\"https:\/\/www.scheer-group.com\/de\/presse\/\"]}]},{\"@type\":\"ImageObject\",\"inLanguage\":\"de\",\"@id\":\"https:\/\/www.scheer-group.com\/de\/presse\/#primaryimage\",\"url\":\"https:\/\/www.scheer-group.com\/de\/wp-content\/uploads\/sites\/8\/2025\/02\/Scheer_Image-1600x900_22.jpg\",\"contentUrl\":\"https:\/\/www.scheer-group.com\/de\/wp-content\/uploads\/sites\/8\/2025\/02\/Scheer_Image-1600x900_22.jpg\",\"width\":1600,\"height\":900},{\"@type\":\"BreadcrumbList\",\"@id\":\"https:\/\/www.scheer-group.com\/de\/presse\/#breadcrumb\",\"itemListElement\":[{\"@type\":\"ListItem\",\"position\":1,\"name\":\"Startseite\",\"item\":\"https:\/\/www.scheer-group.com\/de\/\"},{\"@type\":\"ListItem\",\"position\":2,\"name\":\"Presse\"}]},{\"@type\":\"WebSite\",\"@id\":\"https:\/\/www.scheer-group.com\/de\/#website\",\"url\":\"https:\/\/www.scheer-group.com\/de\/\",\"name\":\"Scheer Gruppe\",\"description\":\"\",\"potentialAction\":[{\"@type\":\"SearchAction\",\"target\":{\"@type\":\"EntryPoint\",\"urlTemplate\":\"https:\/\/www.scheer-group.com\/de\/?s={search_term_string}\"},\"query-input\":\"required name=search_term_string\"}],\"inLanguage\":\"de\"}]}<\/script>\n<!-- \/ Yoast SEO plugin. -->","yoast_head_json":{"title":"Presse - Scheer Gruppe","description":"Schauen Sie sich vergangene und aktuelle Pressemitteilungen der Scheer Gruppe an und filtern Sie nach Kategorie und Thema.","robots":{"index":"index","follow":"follow","max-snippet":"max-snippet:-1","max-image-preview":"max-image-preview:large","max-video-preview":"max-video-preview:-1"},"canonical":"https:\/\/www.scheer-group.com\/de\/presse\/","og_locale":"de_DE","og_type":"article","og_title":"Presse - Scheer Gruppe","og_description":"Schauen Sie sich vergangene und aktuelle Pressemitteilungen der Scheer Gruppe an und filtern Sie nach Kategorie und Thema.","og_url":"https:\/\/www.scheer-group.com\/de\/presse\/","og_site_name":"Scheer Gruppe","article_publisher":"https:\/\/www.facebook.com\/imcLearning","article_modified_time":"2025-03-03T17:36:16+00:00","og_image":[{"width":1600,"height":900,"url":"https:\/\/www.scheer-group.com\/de\/wp-content\/uploads\/sites\/8\/2025\/02\/Scheer_Image-1600x900_22.jpg","type":"image\/jpeg"}],"twitter_card":"summary_large_image","twitter_site":"@imc_learning","twitter_misc":{"Gesch\u00e4tzte Lesezeit":"2\u00a0Minuten"},"schema":{"@context":"https:\/\/schema.org","@graph":[{"@type":"WebPage","@id":"https:\/\/www.scheer-group.com\/de\/presse\/","url":"https:\/\/www.scheer-group.com\/de\/presse\/","name":"Presse - Scheer Gruppe","isPartOf":{"@id":"https:\/\/www.scheer-group.com\/de\/#website"},"primaryImageOfPage":{"@id":"https:\/\/www.scheer-group.com\/de\/presse\/#primaryimage"},"image":{"@id":"https:\/\/www.scheer-group.com\/de\/presse\/#primaryimage"},"thumbnailUrl":"https:\/\/www.scheer-group.com\/de\/wp-content\/uploads\/sites\/8\/2025\/02\/Scheer_Image-1600x900_22.jpg","datePublished":"2025-02-27T15:38:15+00:00","dateModified":"2025-03-03T17:36:16+00:00","description":"Schauen Sie sich vergangene und aktuelle Pressemitteilungen der Scheer Gruppe an und filtern Sie nach Kategorie und Thema.","breadcrumb":{"@id":"https:\/\/www.scheer-group.com\/de\/presse\/#breadcrumb"},"inLanguage":"de","potentialAction":[{"@type":"ReadAction","target":["https:\/\/www.scheer-group.com\/de\/presse\/"]}]},{"@type":"ImageObject","inLanguage":"de","@id":"https:\/\/www.scheer-group.com\/de\/presse\/#primaryimage","url":"https:\/\/www.scheer-group.com\/de\/wp-content\/uploads\/sites\/8\/2025\/02\/Scheer_Image-1600x900_22.jpg","contentUrl":"https:\/\/www.scheer-group.com\/de\/wp-content\/uploads\/sites\/8\/2025\/02\/Scheer_Image-1600x900_22.jpg","width":1600,"height":900},{"@type":"BreadcrumbList","@id":"https:\/\/www.scheer-group.com\/de\/presse\/#breadcrumb","itemListElement":[{"@type":"ListItem","position":1,"name":"Startseite","item":"https:\/\/www.scheer-group.com\/de\/"},{"@type":"ListItem","position":2,"name":"Presse"}]},{"@type":"WebSite","@id":"https:\/\/www.scheer-group.com\/de\/#website","url":"https:\/\/www.scheer-group.com\/de\/","name":"Scheer Gruppe","description":"","potentialAction":[{"@type":"SearchAction","target":{"@type":"EntryPoint","urlTemplate":"https:\/\/www.scheer-group.com\/de\/?s={search_term_string}"},"query-input":"required name=search_term_string"}],"inLanguage":"de"}]}},"_links":{"self":[{"href":"https:\/\/www.scheer-group.com\/de\/wp-json\/wp\/v2\/pages\/22182"}],"collection":[{"href":"https:\/\/www.scheer-group.com\/de\/wp-json\/wp\/v2\/pages"}],"about":[{"href":"https:\/\/www.scheer-group.com\/de\/wp-json\/wp\/v2\/types\/page"}],"author":[{"embeddable":true,"href":"https:\/\/www.scheer-group.com\/de\/wp-json\/wp\/v2\/users\/68"}],"replies":[{"embeddable":true,"href":"https:\/\/www.scheer-group.com\/de\/wp-json\/wp\/v2\/comments?post=22182"}],"version-history":[{"count":5,"href":"https:\/\/www.scheer-group.com\/de\/wp-json\/wp\/v2\/pages\/22182\/revisions"}],"predecessor-version":[{"id":22486,"href":"https:\/\/www.scheer-group.com\/de\/wp-json\/wp\/v2\/pages\/22182\/revisions\/22486"}],"wp:featuredmedia":[{"embeddable":true,"href":"https:\/\/www.scheer-group.com\/de\/wp-json\/wp\/v2\/media\/22316"}],"wp:attachment":[{"href":"https:\/\/www.scheer-group.com\/de\/wp-json\/wp\/v2\/media?parent=22182"}],"curies":[{"name":"wp","href":"https:\/\/api.w.org\/{rel}","templated":true}]}}