{"id":22078,"date":"2025-02-25T19:09:59","date_gmt":"2025-02-25T18:09:59","guid":{"rendered":"https:\/\/www.scheer-group.com\/de\/?page_id=22078"},"modified":"2026-05-04T14:21:43","modified_gmt":"2026-05-04T12:21:43","slug":"ipaas-prozessintegration","status":"publish","type":"page","link":"https:\/\/www.scheer-group.com\/de\/ipaas-prozessintegration\/","title":{"rendered":"Scheer PAS &#8211; Agentic Process Orchestration"},"content":{"rendered":"<div id=\"pl-22078\"  class=\"panel-layout\" ><div id=\"pg-22078-0\"  class=\"panel-grid panel-no-style\"  style=\"--mobile-padding:;\" ><div id=\"pgc-22078-0-0\"  class=\"panel-grid-cell panel-grid-cell-empty\" ><\/div><div id=\"pgc-22078-0-1\"  class=\"panel-grid-cell\" ><div id=\"panel-22078-0-1-0\" class=\"so-panel widget widget_zrm-up-copy panel-first-child\" data-index=\"0\" ><div\n\t\t\t\n\t\t\tclass=\"so-widget-zrm-up-copy so-widget-zrm-up-copy-default-d75171398898-22078\"\n\t\t\t\n\t\t>\n    <div class=\"widget widget--update widget--copy_update widget--show\" style=\"--margins-desktop:0px 0px 60px 0px;--margins-mobile:0px 0px 60px 0px;\">\n        <div class=\"copy text_large_update\"><p>&nbsp;<\/p>\n<p>&nbsp;<\/p>\n<\/div>\n    <\/div>\n\n<\/div><\/div><div id=\"panel-22078-0-1-1\" class=\"so-panel widget widget_zrm-up-headline\" data-index=\"1\" ><div\n\t\t\t\n\t\t\tclass=\"so-widget-zrm-up-headline so-widget-zrm-up-headline-default-d75171398898-22078\"\n\t\t\t\n\t\t>\n\n\t<div class=\"widget widget--update widget--headline_update widget--show\" style=\"--margins-desktop:0px 0px 40px 0px;--margins-mobile:0px 0px 40px 0px;\">\n\t\t<h4 class=\"h1_update bold update-color--dark ta-left\">Scheer PAS: Agentic Process Orchestration<\/h4>\t<\/div>\n\n<\/div><\/div><div id=\"panel-22078-0-1-2\" class=\"so-panel widget widget_zrm-up-copy\" data-index=\"2\" ><div\n\t\t\t\n\t\t\tclass=\"so-widget-zrm-up-copy so-widget-zrm-up-copy-default-d75171398898-22078\"\n\t\t\t\n\t\t>\n    <div class=\"widget widget--update widget--copy_update widget--show\" style=\"--margins-desktop:0px 0px 20px 0px;--margins-mobile:0px 0px 20px 0px;\">\n        <div class=\"copy text_large_update\"><p>Scheer PAS ist die Plattform f\u00fcr agentenbasierte Unternehmenstransformation. Wir vereinen Workflows, Daten, APIs und KI-Agenten, um Prozessautomatisierung in komplexen Organisationen zu realisieren \u2013 von der Architektur bis zur sicheren Steuerung.<\/p>\n<\/div>\n    <\/div>\n\n<\/div><\/div><div id=\"panel-22078-0-1-3\" class=\"so-panel widget widget_zrm-up-buttons panel-last-child\" data-index=\"3\" ><div\n\t\t\t\n\t\t\tclass=\"so-widget-zrm-up-buttons so-widget-zrm-up-buttons-default-d75171398898-22078\"\n\t\t\t\n\t\t>\n    <div class=\"widget widget--update widget--buttons_update widget--show\" style=\"--margins-desktop:0px 0px 200px 0px;--margins-mobile:0px 0px 200px 0px;\">\n        <div class=\"buttons\" data-align=\"left\">\n                                <a href=\"https:\/\/scheer-pas.com\/kontakt\/\" title=\"Kontaktieren Sie Scheer PAS\" target=\"_blank\" class=\"button button--update button--red button--normal button--solid\">\n                        Kontaktieren Sie Scheer PAS                    <\/a>\n                            <\/div>\n    <\/div>\n\n<\/div><\/div><\/div><div id=\"pgc-22078-0-2\"  class=\"panel-grid-cell panel-grid-cell-empty\" ><\/div><div id=\"pgc-22078-0-3\"  class=\"panel-grid-cell panel-grid-cell-empty panel-grid-cell-mobile-last\" ><\/div><div id=\"pgc-22078-0-4\"  class=\"panel-grid-cell panel-grid-cell-empty\" ><\/div><\/div><div id=\"pg-22078-1\"  class=\"panel-grid panel-no-style\"  style=\"--mobile-padding:;\" ><div id=\"pgc-22078-1-0\"  class=\"panel-grid-cell\" ><div id=\"panel-22078-1-0-0\" class=\"so-panel widget widget_zrm-image panel-first-child panel-last-child\" data-index=\"4\" ><div\n\t\t\t\n\t\t\tclass=\"so-widget-zrm-image so-widget-zrm-image-default-d75171398898-22078\"\n\t\t\t\n\t\t>\n<div class=\"widget widget--image  widget--left widget--show lg\">\n\t<div class=\"image__file fullsize shadow\"><img decoding=\"async\" width=\"2048\" height=\"384\" src=\"https:\/\/www.scheer-group.com\/de\/wp-content\/uploads\/sites\/8\/2025\/03\/Scheer_Image-2400x450px_header_PAS-2048x384-1.jpg\" class=\"attachment-full size-full\" alt=\"\" srcset=\"https:\/\/www.scheer-group.com\/de\/wp-content\/uploads\/sites\/8\/2025\/03\/Scheer_Image-2400x450px_header_PAS-2048x384-1.jpg 2048w, https:\/\/www.scheer-group.com\/de\/wp-content\/uploads\/sites\/8\/2025\/03\/Scheer_Image-2400x450px_header_PAS-2048x384-1-300x56.jpg 300w, https:\/\/www.scheer-group.com\/de\/wp-content\/uploads\/sites\/8\/2025\/03\/Scheer_Image-2400x450px_header_PAS-2048x384-1-1024x192.jpg 1024w, https:\/\/www.scheer-group.com\/de\/wp-content\/uploads\/sites\/8\/2025\/03\/Scheer_Image-2400x450px_header_PAS-2048x384-1-768x144.jpg 768w, https:\/\/www.scheer-group.com\/de\/wp-content\/uploads\/sites\/8\/2025\/03\/Scheer_Image-2400x450px_header_PAS-2048x384-1-1536x288.jpg 1536w\" sizes=\"(max-width: 2048px) 100vw, 2048px\" \/><\/div>\n\t<\/div><\/div><\/div><\/div><\/div><div id=\"pg-22078-2\"  class=\"panel-grid panel-no-style\"  style=\"--mobile-padding:;\" ><div id=\"pgc-22078-2-0\"  class=\"panel-grid-cell panel-grid-cell-empty\" ><\/div><div id=\"pgc-22078-2-1\"  class=\"panel-grid-cell panel-grid-cell-mobile-last\" ><div id=\"panel-22078-2-1-0\" class=\"so-panel widget widget_zrm-headline panel-first-child panel-last-child\" data-index=\"5\" ><div\n\t\t\t\n\t\t\tclass=\"so-widget-zrm-headline so-widget-zrm-headline-default-d75171398898-22078\"\n\t\t\t\n\t\t><div class=\"widget widget--headline widget--center widget--show sm  \">\n\t<div class=\"preline\"><\/div>\n\t<h2 class=\"headline h2\">Wenn Agentic AI auf Prozesse trifft<\/h2>\t<div class=\"subline\"><\/div>\n<\/div>\n<\/div><\/div><\/div><div id=\"pgc-22078-2-2\"  class=\"panel-grid-cell panel-grid-cell-empty\" ><\/div><\/div><div id=\"pg-22078-3\"  class=\"panel-grid panel-no-style\"  style=\"--mobile-padding:;\" ><div id=\"pgc-22078-3-0\"  class=\"panel-grid-cell panel-grid-cell-empty\" ><\/div><div id=\"pgc-22078-3-1\"  class=\"panel-grid-cell panel-grid-cell-mobile-last\" ><div id=\"panel-22078-3-1-0\" class=\"so-panel widget widget_zrm-up-copy panel-first-child panel-last-child\" data-index=\"6\" ><div\n\t\t\t\n\t\t\tclass=\"so-widget-zrm-up-copy so-widget-zrm-up-copy-default-d75171398898-22078\"\n\t\t\t\n\t\t>\n    <div class=\"widget widget--update widget--copy_update widget--show\" style=\"--margins-desktop:0px 0px 120px 0px;--margins-mobile:0px 0px 120px 0px;\">\n        <div class=\"copy text_large_update\"><p style=\"text-align: center\">Scheer PAS erm\u00f6glicht es Unternehmen, skalierbare, agentenbasierte Prozessumgebungen zu entwerfen, eine einheitliche Ausf\u00fchrung \u00fcber Systeme hinweg auf einer Plattform zu orchestrieren und autonome Abl\u00e4ufe mit voller Transparenz und menschlicher Kontrolle zu steuern.<\/p>\n<p>&nbsp;<\/p>\n<p style=\"text-align: center\">Scheer PAS bietet leistungsstarke Integrationsfunktionen, ein dediziertes API-Management und die Anbindung von KI Modellen. Durch den MCP Standard werden KI Agenten dazu erm\u00e4chtigt, end-to-end Prozesse zu verbessern.<\/p>\n<\/div>\n    <\/div>\n\n<\/div><\/div><\/div><div id=\"pgc-22078-3-2\"  class=\"panel-grid-cell panel-grid-cell-empty\" ><\/div><\/div><div id=\"pg-22078-4\"  class=\"panel-grid panel-no-style\"  style=\"--mobile-padding:;\" ><div id=\"pgc-22078-4-0\"  class=\"panel-grid-cell\" ><div id=\"panel-22078-4-0-0\" class=\"so-panel widget widget_zrm-separator panel-first-child panel-last-child\" data-index=\"7\" ><div\n\t\t\t\n\t\t\tclass=\"so-widget-zrm-separator so-widget-zrm-separator-default-d75171398898-22078\"\n\t\t\t\n\t\t><div class=\"widget widget--separator widget--show lg\">\n\t<div class=\"separator\">\n\t\t<div class=\"separator__line\"><\/div>\n\t\t\t\t<div class=\"separator__line\"><\/div>\n\t<\/div>\n<\/div><\/div><\/div><\/div><\/div><div id=\"pg-22078-5\"  class=\"panel-grid panel-no-style\"  style=\"--mobile-padding:;\" ><div id=\"pgc-22078-5-0\"  class=\"panel-grid-cell panel-grid-cell-empty\" ><\/div><div id=\"pgc-22078-5-1\"  class=\"panel-grid-cell\" ><div id=\"panel-22078-5-1-0\" class=\"so-panel widget widget_zrm-headline panel-first-child panel-last-child\" data-index=\"8\" ><div\n\t\t\t\n\t\t\tclass=\"so-widget-zrm-headline so-widget-zrm-headline-default-d75171398898-22078\"\n\t\t\t\n\t\t><div class=\"widget widget--headline widget--left widget--show lg  \">\n\t<div class=\"preline\"><\/div>\n\t<h2 class=\"headline h2\">\u00dcber Scheer PAS <\/h2>\t<div class=\"subline\"><\/div>\n<\/div>\n<\/div><\/div><\/div><div id=\"pgc-22078-5-2\"  class=\"panel-grid-cell panel-grid-cell-empty\" ><\/div><div id=\"pgc-22078-5-3\"  class=\"panel-grid-cell panel-grid-cell-mobile-last\" ><div id=\"panel-22078-5-3-0\" class=\"so-panel widget widget_zrm-up-copy panel-first-child\" data-index=\"9\" ><div\n\t\t\t\n\t\t\tclass=\"so-widget-zrm-up-copy so-widget-zrm-up-copy-default-d75171398898-22078\"\n\t\t\t\n\t\t>\n    <div class=\"widget widget--update widget--copy_update widget--show\" style=\"--margins-desktop:0px 0px 20px 0px;--margins-mobile:0px 0px 20px 0px;\">\n        <div class=\"copy text_large_update\"><p><span data-contrast=\"none\">Scheer PAS ist ein auf Integration und Prozessautomatisierung spezialisiertes Softwareunternehmen mit Standorten in Deutschland und der Schweiz. Die Plattform von Scheer PAS kombiniert auf einzigartige Weise Integration, Prozessautomatisierung und API-Management, um Unternehmen bei der digitalen Transformation bestm\u00f6glich zu unterst\u00fctzen, insbesondere in komplexen Szenarien.<\/span><span data-ccp-props=\"{&quot;134233117&quot;:false,&quot;134233118&quot;:false,&quot;335557856&quot;:16777215,&quot;335559738&quot;:0,&quot;335559739&quot;:0}\">\u00a0<\/span><\/p>\n<p>&nbsp;<\/p>\n<p><span data-contrast=\"none\">Dar\u00fcber hinaus bietet Scheer PAS Beratungs- und Implementierungs-Services an, um ma\u00dfgeschneiderte L\u00f6sungen zu realisieren.<\/span><\/p>\n<\/div>\n    <\/div>\n\n<\/div><\/div><div id=\"panel-22078-5-3-1\" class=\"so-panel widget widget_zrm-up-buttons panel-last-child\" data-index=\"10\" ><div\n\t\t\t\n\t\t\tclass=\"so-widget-zrm-up-buttons so-widget-zrm-up-buttons-default-d75171398898-22078\"\n\t\t\t\n\t\t>\n    <div class=\"widget widget--update widget--buttons_update widget--show\" style=\"--margins-desktop:0px 0px 200px 0px;--margins-mobile:0px 0px 200px 0px;\">\n        <div class=\"buttons\" data-align=\"left\">\n                                <a href=\"https:\/\/scheer-pas.com\/\" title=\"Mehr zum Scheer PAS\" target=\"_blank\" class=\"button button--update button--red button--normal button--solid\">\n                        Mehr zum Scheer PAS                    <\/a>\n                            <\/div>\n    <\/div>\n\n<\/div><\/div><\/div><div id=\"pgc-22078-5-4\"  class=\"panel-grid-cell panel-grid-cell-empty\" ><\/div><\/div><div id=\"pg-22078-6\"  class=\"panel-grid panel-no-style\"  style=\"--mobile-padding:;\" ><div id=\"pgc-22078-6-0\"  class=\"panel-grid-cell\" ><div id=\"panel-22078-6-0-0\" class=\"so-panel widget widget_zrm-up-banner panel-first-child panel-last-child\" data-index=\"11\" ><div\n\t\t\t\n\t\t\tclass=\"so-widget-zrm-up-banner so-widget-zrm-up-banner-default-d75171398898-22078\"\n\t\t\t\n\t\t>\n    <div class=\"widget widget--update widget--banner_update widget--show\" style=\"--margins-desktop:0px 0px 120px 0px;--margins-mobile:0px 0px 60px 0px;--paddings-desktop:0px 0px 0px 0px;--paddings-mobile:0px 0px 0px 0px;\">\n        <div class=\"banner\" data-column_orientation=\"image-content\" style=\"--banner-color-background: #282828\">\n            <div class=\"banner__media banner__media--blend\">\n                <img decoding=\"async\" width=\"1667\" height=\"938\" src=\"https:\/\/www.scheer-group.com\/de\/wp-content\/uploads\/sites\/8\/2025\/08\/Banner_CEO_Christian-Wachter.jpg\" class=\"banner__image stretch\" alt=\"\" srcset=\"https:\/\/www.scheer-group.com\/de\/wp-content\/uploads\/sites\/8\/2025\/08\/Banner_CEO_Christian-Wachter.jpg 1667w, https:\/\/www.scheer-group.com\/de\/wp-content\/uploads\/sites\/8\/2025\/08\/Banner_CEO_Christian-Wachter-300x169.jpg 300w, https:\/\/www.scheer-group.com\/de\/wp-content\/uploads\/sites\/8\/2025\/08\/Banner_CEO_Christian-Wachter-1024x576.jpg 1024w, https:\/\/www.scheer-group.com\/de\/wp-content\/uploads\/sites\/8\/2025\/08\/Banner_CEO_Christian-Wachter-768x432.jpg 768w, https:\/\/www.scheer-group.com\/de\/wp-content\/uploads\/sites\/8\/2025\/08\/Banner_CEO_Christian-Wachter-1536x864.jpg 1536w\" sizes=\"(max-width: 1667px) 100vw, 1667px\" \/>            <\/div>\n            <div class=\"banner__content\" style=\"--banner-padding-desktop: 48px 48px 48px 48px; --banner-padding-mobile: ; --banner-color-text: #ffffff\">\n                <div class=\"banner__text\">\n                    <div class=\"banner__headline bold h4_update\"><\/div>\n                    <div class=\"banner__copy bold text_medium_update\"><p>\u201eUnser Ziel ist es, Anwendungen, Dienste und Daten entlang klar definierter Prozessketten zu verkn\u00fcpfen, damit komplexe Arbeitsabl\u00e4ufe automatisiert und optimiert werden k\u00f6nnen.\u201c<\/p>\n<p>&nbsp;<\/p>\n<p>Christian Wachter<\/p>\n<p>CEO Scheer PAS<\/p>\n<\/div>\n                <\/div>\n                            <\/div>\n        <\/div>\n    <\/div>\n\n<\/div><\/div><\/div><\/div><\/div>","protected":false},"excerpt":{"rendered":"<p>&nbsp; &nbsp; Scheer PAS: Agentic Process Orchestration Scheer PAS ist die Plattform f\u00fcr agentenbasierte Unternehmenstransformation. Wir vereinen Workflows, Daten, APIs und KI-Agenten, um Prozessautomatisierung in komplexen Organisationen zu realisieren \u2013 von der Architektur bis zur sicheren Steuerung. Kontaktieren Sie Scheer PAS Wenn Agentic AI auf Prozesse trifft Scheer PAS erm\u00f6glicht es Unternehmen, skalierbare, agentenbasierte Prozessumgebungen [&hellip;]<\/p>\n","protected":false},"author":68,"featured_media":22396,"parent":0,"menu_order":0,"comment_status":"closed","ping_status":"closed","template":"","meta":{"_acf_changed":false,"content-type":"","footnotes":""},"class_list":["post-22078","page","type-page","status-publish","has-post-thumbnail","hentry"],"acf":[],"yoast_head":"<!-- This site is optimized with the Yoast SEO plugin v23.1 - https:\/\/yoast.com\/wordpress\/plugins\/seo\/ -->\n<title>Scheer PAS: Agentic Process Orchestration<\/title>\n<meta name=\"description\" content=\"Scheer PAS unterst\u00fctzt Unternehmen mit einer einzigartigen Plattform bei der Integration und Automatisierung von Gesch\u00e4ftsprozessen.\" \/>\n<meta name=\"robots\" content=\"index, follow, max-snippet:-1, max-image-preview:large, max-video-preview:-1\" \/>\n<link rel=\"canonical\" href=\"https:\/\/www.scheer-group.com\/de\/ipaas-prozessintegration\/\" \/>\n<meta property=\"og:locale\" content=\"de_DE\" \/>\n<meta property=\"og:type\" content=\"article\" \/>\n<meta property=\"og:title\" content=\"Scheer PAS: Agentic Process Orchestration\" \/>\n<meta property=\"og:description\" content=\"Scheer PAS unterst\u00fctzt Unternehmen mit einer einzigartigen Plattform bei der Integration und Automatisierung von Gesch\u00e4ftsprozessen.\" \/>\n<meta property=\"og:url\" content=\"https:\/\/www.scheer-group.com\/de\/ipaas-prozessintegration\/\" \/>\n<meta property=\"og:site_name\" content=\"Scheer Gruppe\" \/>\n<meta property=\"article:publisher\" content=\"https:\/\/www.facebook.com\/imcLearning\" \/>\n<meta property=\"article:modified_time\" content=\"2026-05-04T12:21:43+00:00\" \/>\n<meta property=\"og:image\" content=\"https:\/\/www.scheer-group.com\/de\/wp-content\/uploads\/sites\/8\/2025\/03\/Scheer_DBG_Images_Logo-AddOns_3.jpg\" \/>\n\t<meta property=\"og:image:width\" content=\"800\" \/>\n\t<meta property=\"og:image:height\" content=\"450\" \/>\n\t<meta property=\"og:image:type\" content=\"image\/jpeg\" \/>\n<meta name=\"twitter:card\" content=\"summary_large_image\" \/>\n<meta name=\"twitter:site\" content=\"@imc_learning\" \/>\n<meta name=\"twitter:label1\" content=\"Gesch\u00e4tzte Lesezeit\" \/>\n\t<meta name=\"twitter:data1\" content=\"2\u00a0Minuten\" \/>\n<script type=\"application\/ld+json\" class=\"yoast-schema-graph\">{\"@context\":\"https:\/\/schema.org\",\"@graph\":[{\"@type\":\"WebPage\",\"@id\":\"https:\/\/www.scheer-group.com\/de\/ipaas-prozessintegration\/\",\"url\":\"https:\/\/www.scheer-group.com\/de\/ipaas-prozessintegration\/\",\"name\":\"Scheer PAS: Agentic Process Orchestration\",\"isPartOf\":{\"@id\":\"https:\/\/www.scheer-group.com\/de\/#website\"},\"primaryImageOfPage\":{\"@id\":\"https:\/\/www.scheer-group.com\/de\/ipaas-prozessintegration\/#primaryimage\"},\"image\":{\"@id\":\"https:\/\/www.scheer-group.com\/de\/ipaas-prozessintegration\/#primaryimage\"},\"thumbnailUrl\":\"https:\/\/www.scheer-group.com\/de\/wp-content\/uploads\/sites\/8\/2025\/03\/Scheer_DBG_Images_Logo-AddOns_3.jpg\",\"datePublished\":\"2025-02-25T18:09:59+00:00\",\"dateModified\":\"2026-05-04T12:21:43+00:00\",\"description\":\"Scheer PAS unterst\u00fctzt Unternehmen mit einer einzigartigen Plattform bei der Integration und Automatisierung von Gesch\u00e4ftsprozessen.\",\"breadcrumb\":{\"@id\":\"https:\/\/www.scheer-group.com\/de\/ipaas-prozessintegration\/#breadcrumb\"},\"inLanguage\":\"de\",\"potentialAction\":[{\"@type\":\"ReadAction\",\"target\":[\"https:\/\/www.scheer-group.com\/de\/ipaas-prozessintegration\/\"]}]},{\"@type\":\"ImageObject\",\"inLanguage\":\"de\",\"@id\":\"https:\/\/www.scheer-group.com\/de\/ipaas-prozessintegration\/#primaryimage\",\"url\":\"https:\/\/www.scheer-group.com\/de\/wp-content\/uploads\/sites\/8\/2025\/03\/Scheer_DBG_Images_Logo-AddOns_3.jpg\",\"contentUrl\":\"https:\/\/www.scheer-group.com\/de\/wp-content\/uploads\/sites\/8\/2025\/03\/Scheer_DBG_Images_Logo-AddOns_3.jpg\",\"width\":800,\"height\":450},{\"@type\":\"BreadcrumbList\",\"@id\":\"https:\/\/www.scheer-group.com\/de\/ipaas-prozessintegration\/#breadcrumb\",\"itemListElement\":[{\"@type\":\"ListItem\",\"position\":1,\"name\":\"Startseite\",\"item\":\"https:\/\/www.scheer-group.com\/de\/\"},{\"@type\":\"ListItem\",\"position\":2,\"name\":\"Scheer PAS &#8211; Agentic Process Orchestration\"}]},{\"@type\":\"WebSite\",\"@id\":\"https:\/\/www.scheer-group.com\/de\/#website\",\"url\":\"https:\/\/www.scheer-group.com\/de\/\",\"name\":\"Scheer Gruppe\",\"description\":\"\",\"potentialAction\":[{\"@type\":\"SearchAction\",\"target\":{\"@type\":\"EntryPoint\",\"urlTemplate\":\"https:\/\/www.scheer-group.com\/de\/?s={search_term_string}\"},\"query-input\":\"required name=search_term_string\"}],\"inLanguage\":\"de\"}]}<\/script>\n<!-- \/ Yoast SEO plugin. -->","yoast_head_json":{"title":"Scheer PAS: Agentic Process Orchestration","description":"Scheer PAS unterst\u00fctzt Unternehmen mit einer einzigartigen Plattform bei der Integration und Automatisierung von Gesch\u00e4ftsprozessen.","robots":{"index":"index","follow":"follow","max-snippet":"max-snippet:-1","max-image-preview":"max-image-preview:large","max-video-preview":"max-video-preview:-1"},"canonical":"https:\/\/www.scheer-group.com\/de\/ipaas-prozessintegration\/","og_locale":"de_DE","og_type":"article","og_title":"Scheer PAS: Agentic Process Orchestration","og_description":"Scheer PAS unterst\u00fctzt Unternehmen mit einer einzigartigen Plattform bei der Integration und Automatisierung von Gesch\u00e4ftsprozessen.","og_url":"https:\/\/www.scheer-group.com\/de\/ipaas-prozessintegration\/","og_site_name":"Scheer Gruppe","article_publisher":"https:\/\/www.facebook.com\/imcLearning","article_modified_time":"2026-05-04T12:21:43+00:00","og_image":[{"width":800,"height":450,"url":"https:\/\/www.scheer-group.com\/de\/wp-content\/uploads\/sites\/8\/2025\/03\/Scheer_DBG_Images_Logo-AddOns_3.jpg","type":"image\/jpeg"}],"twitter_card":"summary_large_image","twitter_site":"@imc_learning","twitter_misc":{"Gesch\u00e4tzte Lesezeit":"2\u00a0Minuten"},"schema":{"@context":"https:\/\/schema.org","@graph":[{"@type":"WebPage","@id":"https:\/\/www.scheer-group.com\/de\/ipaas-prozessintegration\/","url":"https:\/\/www.scheer-group.com\/de\/ipaas-prozessintegration\/","name":"Scheer PAS: Agentic Process Orchestration","isPartOf":{"@id":"https:\/\/www.scheer-group.com\/de\/#website"},"primaryImageOfPage":{"@id":"https:\/\/www.scheer-group.com\/de\/ipaas-prozessintegration\/#primaryimage"},"image":{"@id":"https:\/\/www.scheer-group.com\/de\/ipaas-prozessintegration\/#primaryimage"},"thumbnailUrl":"https:\/\/www.scheer-group.com\/de\/wp-content\/uploads\/sites\/8\/2025\/03\/Scheer_DBG_Images_Logo-AddOns_3.jpg","datePublished":"2025-02-25T18:09:59+00:00","dateModified":"2026-05-04T12:21:43+00:00","description":"Scheer PAS unterst\u00fctzt Unternehmen mit einer einzigartigen Plattform bei der Integration und Automatisierung von Gesch\u00e4ftsprozessen.","breadcrumb":{"@id":"https:\/\/www.scheer-group.com\/de\/ipaas-prozessintegration\/#breadcrumb"},"inLanguage":"de","potentialAction":[{"@type":"ReadAction","target":["https:\/\/www.scheer-group.com\/de\/ipaas-prozessintegration\/"]}]},{"@type":"ImageObject","inLanguage":"de","@id":"https:\/\/www.scheer-group.com\/de\/ipaas-prozessintegration\/#primaryimage","url":"https:\/\/www.scheer-group.com\/de\/wp-content\/uploads\/sites\/8\/2025\/03\/Scheer_DBG_Images_Logo-AddOns_3.jpg","contentUrl":"https:\/\/www.scheer-group.com\/de\/wp-content\/uploads\/sites\/8\/2025\/03\/Scheer_DBG_Images_Logo-AddOns_3.jpg","width":800,"height":450},{"@type":"BreadcrumbList","@id":"https:\/\/www.scheer-group.com\/de\/ipaas-prozessintegration\/#breadcrumb","itemListElement":[{"@type":"ListItem","position":1,"name":"Startseite","item":"https:\/\/www.scheer-group.com\/de\/"},{"@type":"ListItem","position":2,"name":"Scheer PAS &#8211; Agentic Process Orchestration"}]},{"@type":"WebSite","@id":"https:\/\/www.scheer-group.com\/de\/#website","url":"https:\/\/www.scheer-group.com\/de\/","name":"Scheer Gruppe","description":"","potentialAction":[{"@type":"SearchAction","target":{"@type":"EntryPoint","urlTemplate":"https:\/\/www.scheer-group.com\/de\/?s={search_term_string}"},"query-input":"required name=search_term_string"}],"inLanguage":"de"}]}},"_links":{"self":[{"href":"https:\/\/www.scheer-group.com\/de\/wp-json\/wp\/v2\/pages\/22078"}],"collection":[{"href":"https:\/\/www.scheer-group.com\/de\/wp-json\/wp\/v2\/pages"}],"about":[{"href":"https:\/\/www.scheer-group.com\/de\/wp-json\/wp\/v2\/types\/page"}],"author":[{"embeddable":true,"href":"https:\/\/www.scheer-group.com\/de\/wp-json\/wp\/v2\/users\/68"}],"replies":[{"embeddable":true,"href":"https:\/\/www.scheer-group.com\/de\/wp-json\/wp\/v2\/comments?post=22078"}],"version-history":[{"count":14,"href":"https:\/\/www.scheer-group.com\/de\/wp-json\/wp\/v2\/pages\/22078\/revisions"}],"predecessor-version":[{"id":23693,"href":"https:\/\/www.scheer-group.com\/de\/wp-json\/wp\/v2\/pages\/22078\/revisions\/23693"}],"wp:featuredmedia":[{"embeddable":true,"href":"https:\/\/www.scheer-group.com\/de\/wp-json\/wp\/v2\/media\/22396"}],"wp:attachment":[{"href":"https:\/\/www.scheer-group.com\/de\/wp-json\/wp\/v2\/media?parent=22078"}],"curies":[{"name":"wp","href":"https:\/\/api.w.org\/{rel}","templated":true}]}}